{"id":58914,"date":"2026-04-27T08:33:30","date_gmt":"2026-04-27T06:33:30","guid":{"rendered":"https:\/\/weingut-fritzsch.de\/wpn\/produkt\/artikel-nr-152025er-riesling-qualitaetswein-trocken-075l\/"},"modified":"2026-04-27T08:33:30","modified_gmt":"2026-04-27T06:33:30","slug":"artikel-nr-152025er-riesling-qualitaetswein-trocken-075l","status":"publish","type":"product","link":"https:\/\/weingut-fritzsch.de\/wpn\/produkt\/artikel-nr-152025er-riesling-qualitaetswein-trocken-075l\/","title":{"rendered":"<br>Artikel-Nr. 15<br>2025er Riesling Qualit\u00e4tswein  trocken 0,75l<br>"},"content":{"rendered":"\n<div align=\"left\"><font size=\"2\"><br \/><!-- IBGHTML --><\/p>\n<p data-start=\"259\" data-end=\"322\"><strong data-start=\"259\" data-end=\"320\">Riesling Trocken \u2013 Sprendlinger Wi\u00dfberg, Rheinhessen<\/strong><\/p>\n<p data-start=\"324\" data-end=\"619\"><strong><em>Charakter &amp; Herkunft<\/em>:<\/strong> Ein mineralischer Riesling mit spritziger S\u00e4ure und einem kr\u00e4ftigen, eleganten K\u00f6rper. Die Trauben stammen von 19 Jahre alten Reben auf den kalkhaltigen B\u00f6den des Sprendlinger Wi\u00dfbergs, die diesem Wein seine unverwechselbare Mineralit\u00e4t, Tiefe und Struktur verleihen.<\/p>\n<p data-start=\"621\" data-end=\"903\"><em><strong>Aromenprofil:<\/strong><\/em> Im Bouquet entfalten sich Noten von Aprikosen, Pfirsich und Mirabellen, die sich harmonisch mit der lebendigen S\u00e4ure verbinden. Am Gaumen zeigt sich der Wein saftig, ausdrucksstark und mit einer feinen, mineralischen L\u00e4nge, die die Reife der Reben widerspiegelt.<\/p>\n<p data-start=\"905\" data-end=\"1130\"><em><strong>Genussmomente:<\/strong><\/em> Ideal zu leichten Gerichten wie Meeresfr\u00fcchten, Salaten oder feinen Fischgerichten \u2013 oder auch pur als erfrischender Genuss. Gut gek\u00fchlt serviert entfaltet der Riesling seine Frische und Aromatik optimal.<\/p>\n<p data-start=\"1132\" data-end=\"1251\"><strong><em>Serviertemperatur:<\/em><\/strong> 8\u202f\u00b0C \u2013 perfekt temperiert, um die Aromenvielfalt und mineralische Frische optimal zu genie\u00dfen.<\/p>\n<p data-start=\"1253\" data-end=\"1513\"><em><strong>Terroir &amp; Handwerk:<\/strong><\/em> Ein Wein, der die besonderen Eigenschaften des Wi\u00dfbergs widerspiegelt: alte Reben, Kalkboden, viel Sonne und sorgf\u00e4ltige Handlese verbinden sich zu einem ausdrucksstarken, trockenen Riesling, der die Essenz von Rheinhessen verk\u00f6rpert.<\/p>\n<p> <\/font><\/div>\n<table WIDTH=\"60%\" BORDER=\"0\" align=\"left\" CELLPADDING=\"0\" CELLSPACING=\"0\"><\/p>\n<tr><\/p>\n<td width=\"53%\"><font size=\"-1\">Artikelnummer:<\/font><\/td>\n<td width=\"47%\"><font size=\"-1\"><strong>15<\/strong><\/font><\/td>\n<p><\/tr>\n<tr><\/p>\n<td><font size=\"-1\">Inhalt<\/font><\/td>\n<td><font size=\"-1\"><strong>0,75 Ltr.<\/strong><\/font><\/td>\n<p><\/tr>\n<tr ALIGN=\"LEFT\"><\/p>\n<td><font size=\"-1\">Preis\/Ltr.<\/font><\/td>\n<td><font size=\"-1\"><strong>9,20 EUR pro Ltr.<\/strong><\/font><\/td>\n<p><\/tr>\n<tr><\/p>\n<td><font size=\"-1\">Weinart:<\/font><\/td>\n<td><font size=\"-1\"><strong>Wei\u00dfwein<\/strong><\/font><\/td>\n<p><\/tr>\n<tr><\/p>\n<td><font size=\"-1\">Qualit&auml;tsstufe<\/font><\/td>\n<td><font size=\"-1\"><strong>Qualit\u00e4tswein<\/strong><\/font><\/td>\n<p><\/tr>\n<tr><\/p>\n<td><font size=\"-1\">Rebsorte<\/font><\/td>\n<td><font size=\"-1\"><strong>Riesling<\/strong><\/font><\/td>\n<p><\/tr>\n<tr>  <\/p>\n<td><font size=\"-1\">Restzuckergehalt<\/font><\/td>\n<p>  <\/p>\n<td><font size=\"-1\"><strong>3,1 g\/Ltr.<\/strong><\/font><\/td>\n<p><\/tr>\n<p><\/p>\n<tr><\/p>\n<td><font size=\"-1\">Alkoholgehalt<\/font><\/td>\n<td><font size=\"-1\"><strong>12,5 Vol. %<\/strong><\/font><\/td>\n<p><\/tr>\n<p><\/p>\n<tr>\n<td><font size=\"-1\">Bio:<\/font><\/td>\n<td><font size=\"-1\"><strong>NEIN<\/strong><\/font><\/td>\n<\/tr>\n<p><\/p>\n<tr>\n<td><font size=\"-1\">vegan:<\/font><\/td>\n<td><font size=\"-1\"><strong>NEIN<\/strong><\/font><\/td>\n<\/tr>\n<p><\/p>\n<tr>\n<td><font size=\"-1\">Ursprungsland:<\/font><\/td>\n<td><font size=\"-1\"><strong>Deutschland<\/strong><\/font><\/td>\n<\/tr>\n<p><\/p>\n<tr>\n<td><font size=\"-1\">enth\u00e4lt Allergene:<\/font><\/td>\n<td><font size=\"-1\"><strong>Sulfite<\/strong><\/font><\/td>\n<\/tr>\n<p><\/p>\n<tr>\n<td><font size=\"-1\">enth\u00e4lt Allergene:<\/font><\/td>\n<td><font size=\"-1\"><strong>Sulfite<\/strong><\/font><\/td>\n<\/tr>\n<p><\/table>\n","protected":false},"excerpt":{"rendered":"<p>Riesling Trocken \u2013 Sprendlinger Wi\u00dfberg, Rheinhessen Charakter &amp; Herkunft: Ein mineralischer Riesling mit spritziger S\u00e4ure und einem kr\u00e4ftigen, eleganten K\u00f6rper. Die Trauben stammen von 19 Jahre alten Reben auf den kalkhaltigen B\u00f6den des Sprendlinger Wi\u00dfbergs, die diesem Wein seine unverwechselbare Mineralit\u00e4t, Tiefe und Struktur verleihen. Aromenprofil: Im Bouquet entfalten sich Noten von Aprikosen, Pfirsich und [&hellip;]<\/p>\n","protected":false},"featured_media":58027,"comment_status":"open","ping_status":"closed","template":"","meta":{"_uag_custom_page_level_css":"","site-sidebar-layout":"default","site-content-layout":"","ast-site-content-layout":"default","site-content-style":"default","site-sidebar-style":"default","ast-global-header-display":"","ast-banner-title-visibility":"","ast-main-header-display":"","ast-hfb-above-header-display":"","ast-hfb-below-header-display":"","ast-hfb-mobile-header-display":"","site-post-title":"","ast-breadcrumbs-content":"","ast-featured-img":"","footer-sml-layout":"","ast-disable-related-posts":"","theme-transparent-header-meta":"","adv-header-id-meta":"","stick-header-meta":"","header-above-stick-meta":"","header-main-stick-meta":"","header-below-stick-meta":"","astra-migrate-meta-layouts":"default","ast-page-background-enabled":"default","ast-page-background-meta":{"desktop":{"background-color":"var(--ast-global-color-4)","background-image":"","background-repeat":"repeat","background-position":"center center","background-size":"auto","background-attachment":"scroll","background-type":"","background-media":"","overlay-type":"","overlay-color":"","overlay-opacity":"","overlay-gradient":""},"tablet":{"background-color":"","background-image":"","background-repeat":"repeat","background-position":"center center","background-size":"auto","background-attachment":"scroll","background-type":"","background-media":"","overlay-type":"","overlay-color":"","overlay-opacity":"","overlay-gradient":""},"mobile":{"background-color":"","background-image":"","background-repeat":"repeat","background-position":"center center","background-size":"auto","background-attachment":"scroll","background-type":"","background-media":"","overlay-type":"","overlay-color":"","overlay-opacity":"","overlay-gradient":""}},"ast-content-background-meta":{"desktop":{"background-color":"var(--ast-global-color-5)","background-image":"","background-repeat":"repeat","background-position":"center center","background-size":"auto","background-attachment":"scroll","background-type":"","background-media":"","overlay-type":"","overlay-color":"","overlay-opacity":"","overlay-gradient":""},"tablet":{"background-color":"var(--ast-global-color-5)","background-image":"","background-repeat":"repeat","background-position":"center center","background-size":"auto","background-attachment":"scroll","background-type":"","background-media":"","overlay-type":"","overlay-color":"","overlay-opacity":"","overlay-gradient":""},"mobile":{"background-color":"var(--ast-global-color-5)","background-image":"","background-repeat":"repeat","background-position":"center center","background-size":"auto","background-attachment":"scroll","background-type":"","background-media":"","overlay-type":"","overlay-color":"","overlay-opacity":"","overlay-gradient":""}}},"product_brand":[],"product_cat":[3595],"product_tag":[],"class_list":{"0":"post-58914","1":"product","2":"type-product","3":"status-publish","4":"has-post-thumbnail","6":"product_cat-exklusive-weine","7":"desktop-align-left","8":"tablet-align-left","9":"mobile-align-left","11":"first","12":"instock","13":"taxable","14":"shipping-taxable","15":"purchasable","16":"product-type-simple"},"uagb_featured_image_src":{"full":["https:\/\/weingut-fritzsch.de\/wpn\/wp-content\/uploads\/SHOPPICS\/Weingut_Fritzsch_Sprendlingen_15.jpg",400,800,false],"thumbnail":["https:\/\/weingut-fritzsch.de\/wpn\/wp-content\/uploads\/SHOPPICS\/Weingut_Fritzsch_Sprendlingen_15-100x200.jpg",100,200,true],"medium":["https:\/\/weingut-fritzsch.de\/wpn\/wp-content\/uploads\/SHOPPICS\/Weingut_Fritzsch_Sprendlingen_15-100x200.jpg",100,200,true],"medium_large":["https:\/\/weingut-fritzsch.de\/wpn\/wp-content\/uploads\/SHOPPICS\/Weingut_Fritzsch_Sprendlingen_15.jpg",400,800,false],"large":["https:\/\/weingut-fritzsch.de\/wpn\/wp-content\/uploads\/SHOPPICS\/Weingut_Fritzsch_Sprendlingen_15.jpg",400,800,false],"1536x1536":["https:\/\/weingut-fritzsch.de\/wpn\/wp-content\/uploads\/SHOPPICS\/Weingut_Fritzsch_Sprendlingen_15.jpg",400,800,false],"2048x2048":["https:\/\/weingut-fritzsch.de\/wpn\/wp-content\/uploads\/SHOPPICS\/Weingut_Fritzsch_Sprendlingen_15.jpg",400,800,false],"woocommerce_thumbnail":["https:\/\/weingut-fritzsch.de\/wpn\/wp-content\/uploads\/SHOPPICS\/Weingut_Fritzsch_Sprendlingen_15.jpg",100,200,false],"woocommerce_single":["https:\/\/weingut-fritzsch.de\/wpn\/wp-content\/uploads\/SHOPPICS\/Weingut_Fritzsch_Sprendlingen_15.jpg",400,800,false],"woocommerce_gallery_thumbnail":["https:\/\/weingut-fritzsch.de\/wpn\/wp-content\/uploads\/SHOPPICS\/Weingut_Fritzsch_Sprendlingen_15-100x100.jpg",100,100,true]},"uagb_author_info":{"display_name":"","author_link":"https:\/\/weingut-fritzsch.de\/wpn\/author\/"},"uagb_comment_info":0,"uagb_excerpt":"Riesling Trocken \u2013 Sprendlinger Wi\u00dfberg, Rheinhessen Charakter &amp; Herkunft: Ein mineralischer Riesling mit spritziger S\u00e4ure und einem kr\u00e4ftigen, eleganten K\u00f6rper. Die Trauben stammen von 19 Jahre alten Reben auf den kalkhaltigen B\u00f6den des Sprendlinger Wi\u00dfbergs, die diesem Wein seine unverwechselbare Mineralit\u00e4t, Tiefe und Struktur verleihen. Aromenprofil: Im Bouquet entfalten sich Noten von Aprikosen, Pfirsich und&hellip;","_links":{"self":[{"href":"https:\/\/weingut-fritzsch.de\/wpn\/wp-json\/wp\/v2\/product\/58914","targetHints":{"allow":["GET"]}}],"collection":[{"href":"https:\/\/weingut-fritzsch.de\/wpn\/wp-json\/wp\/v2\/product"}],"about":[{"href":"https:\/\/weingut-fritzsch.de\/wpn\/wp-json\/wp\/v2\/types\/product"}],"replies":[{"embeddable":true,"href":"https:\/\/weingut-fritzsch.de\/wpn\/wp-json\/wp\/v2\/comments?post=58914"}],"wp:featuredmedia":[{"embeddable":true,"href":"https:\/\/weingut-fritzsch.de\/wpn\/wp-json\/wp\/v2\/media\/58027"}],"wp:attachment":[{"href":"https:\/\/weingut-fritzsch.de\/wpn\/wp-json\/wp\/v2\/media?parent=58914"}],"wp:term":[{"taxonomy":"product_brand","embeddable":true,"href":"https:\/\/weingut-fritzsch.de\/wpn\/wp-json\/wp\/v2\/product_brand?post=58914"},{"taxonomy":"product_cat","embeddable":true,"href":"https:\/\/weingut-fritzsch.de\/wpn\/wp-json\/wp\/v2\/product_cat?post=58914"},{"taxonomy":"product_tag","embeddable":true,"href":"https:\/\/weingut-fritzsch.de\/wpn\/wp-json\/wp\/v2\/product_tag?post=58914"}],"curies":[{"name":"wp","href":"https:\/\/api.w.org\/{rel}","templated":true}]}}