{"id":58901,"date":"2026-04-15T13:51:48","date_gmt":"2026-04-15T11:51:48","guid":{"rendered":"https:\/\/weingut-fritzsch.de\/wpn\/produkt\/artikel-nr-11xxxxausverkauftxxxx-neu-riesling-trocken-alte-rebe-erhaeltlich-ab-1-mai\/"},"modified":"2026-04-15T13:51:48","modified_gmt":"2026-04-15T11:51:48","slug":"artikel-nr-11xxxxausverkauftxxxx-neu-riesling-trocken-alte-rebe-erhaeltlich-ab-1-mai","status":"publish","type":"product","link":"https:\/\/weingut-fritzsch.de\/wpn\/produkt\/artikel-nr-11xxxxausverkauftxxxx-neu-riesling-trocken-alte-rebe-erhaeltlich-ab-1-mai\/","title":{"rendered":"<br>Artikel-Nr. 11<br>xxxxAUSVERKAUFTxxxx NEU Riesling trocken alte Rebe erh\u00e4ltlich ab 1 Mai<br>"},"content":{"rendered":"\n<div align=\"left\"><font size=\"2\"><br \/><!-- IBGHTML --><!-- IBGHTML --><\/p>\n<p style=\"margin: 0cm 0cm 8pt\"><font face=\"Calibri\">Aus den \u00e4ltesten Rieslingreben unseres Hauses, gepflanzt vonunserem Gro\u00dfvater, w\u00e4chst dieser<\/font><\/p>\n<p style=\"margin: 0cm 0cm 8pt\"><font face=\"Calibri\">Wein auf dem schweren Kalkboden des SprendlingerKlostergarten. Der Boden formt Mineralit\u00e4t und<\/font><\/p>\n<p style=\"margin: 0cm 0cm 8pt\"><font face=\"Calibri\">Tiefe, der alte Wurzelstock Konzentration und Charakter.<\/font><\/p>\n<p style=\"margin: 0cm 0cm 8pt\"><i><font face=\"Calibri\">Limitierte Sonderlinie unseres Weinguts.<\/font><\/i><\/p>\n<p> <\/font><\/div>\n<table WIDTH=\"60%\" BORDER=\"0\" align=\"left\" CELLPADDING=\"0\" CELLSPACING=\"0\"><\/p>\n<tr><\/p>\n<td width=\"53%\"><font size=\"-1\">Artikelnummer:<\/font><\/td>\n<td width=\"47%\"><font size=\"-1\"><strong>11<\/strong><\/font><\/td>\n<p><\/tr>\n<tr><\/p>\n<td><font size=\"-1\">Inhalt<\/font><\/td>\n<td><font size=\"-1\"><strong>0,75 Ltr.<\/strong><\/font><\/td>\n<p><\/tr>\n<tr ALIGN=\"LEFT\"><\/p>\n<td><font size=\"-1\">Preis\/Ltr.<\/font><\/td>\n<td><font size=\"-1\"><strong>11,87 EUR pro Ltr.<\/strong><\/font><\/td>\n<p><\/tr>\n<tr><\/p>\n<td><font size=\"-1\">Weinart:<\/font><\/td>\n<td><font size=\"-1\"><strong>Wei\u00dfwein<\/strong><\/font><\/td>\n<p><\/tr>\n<tr><\/p>\n<td><font size=\"-1\">Qualit&auml;tsstufe<\/font><\/td>\n<td><font size=\"-1\"><strong>Qualit\u00e4tswein<\/strong><\/font><\/td>\n<p><\/tr>\n<tr><\/p>\n<td><font size=\"-1\">Rebsorte<\/font><\/td>\n<td><font size=\"-1\"><strong>Riesling<\/strong><\/font><\/td>\n<p><\/tr>\n<tr>  <\/p>\n<td><font size=\"-1\">Restzuckergehalt<\/font><\/td>\n<p>  <\/p>\n<td><font size=\"-1\"><strong><\/strong><\/font><\/td>\n<p><\/tr>\n<p><\/p>\n<tr><\/p>\n<td><font size=\"-1\">Alkoholgehalt<\/font><\/td>\n<td><font size=\"-1\"><strong>13,5 Vol. %<\/strong><\/font><\/td>\n<p><\/tr>\n<p><\/p>\n<tr>\n<td><font size=\"-1\">Bio:<\/font><\/td>\n<td><font size=\"-1\"><strong>NEIN<\/strong><\/font><\/td>\n<\/tr>\n<p><\/p>\n<tr>\n<td><font size=\"-1\">vegan:<\/font><\/td>\n<td><font size=\"-1\"><strong>NEIN<\/strong><\/font><\/td>\n<\/tr>\n<p><\/p>\n<tr>\n<td><font size=\"-1\">Ursprungsland:<\/font><\/td>\n<td><font size=\"-1\"><strong>Deutschland<\/strong><\/font><\/td>\n<\/tr>\n<p><\/p>\n<tr>\n<td><font size=\"-1\">enth\u00e4lt Allergene:<\/font><\/td>\n<td><font size=\"-1\"><strong>Sulfite<\/strong><\/font><\/td>\n<\/tr>\n<p><\/p>\n<tr>\n<td><font size=\"-1\">enth\u00e4lt Allergene:<\/font><\/td>\n<td><font size=\"-1\"><strong>Sulfite<\/strong><\/font><\/td>\n<\/tr>\n<p><\/table>\n","protected":false},"excerpt":{"rendered":"<p>Aus den \u00e4ltesten Rieslingreben unseres Hauses, gepflanzt vonunserem Gro\u00dfvater, w\u00e4chst dieser Wein auf dem schweren Kalkboden des SprendlingerKlostergarten. Der Boden formt Mineralit\u00e4t und Tiefe, der alte Wurzelstock Konzentration und Charakter. Limitierte Sonderlinie unseres Weinguts. Artikelnummer: 11 Inhalt 0,75 Ltr. Preis\/Ltr. 11,87 EUR pro Ltr. Weinart: Wei\u00dfwein Qualit&auml;tsstufe Qualit\u00e4tswein Rebsorte Riesling Restzuckergehalt Alkoholgehalt 13,5 Vol. % [&hellip;]<\/p>\n","protected":false},"featured_media":58300,"comment_status":"open","ping_status":"closed","template":"","meta":{"_uag_custom_page_level_css":"","site-sidebar-layout":"default","site-content-layout":"","ast-site-content-layout":"default","site-content-style":"default","site-sidebar-style":"default","ast-global-header-display":"","ast-banner-title-visibility":"","ast-main-header-display":"","ast-hfb-above-header-display":"","ast-hfb-below-header-display":"","ast-hfb-mobile-header-display":"","site-post-title":"","ast-breadcrumbs-content":"","ast-featured-img":"","footer-sml-layout":"","ast-disable-related-posts":"","theme-transparent-header-meta":"","adv-header-id-meta":"","stick-header-meta":"","header-above-stick-meta":"","header-main-stick-meta":"","header-below-stick-meta":"","astra-migrate-meta-layouts":"default","ast-page-background-enabled":"default","ast-page-background-meta":{"desktop":{"background-color":"var(--ast-global-color-4)","background-image":"","background-repeat":"repeat","background-position":"center center","background-size":"auto","background-attachment":"scroll","background-type":"","background-media":"","overlay-type":"","overlay-color":"","overlay-opacity":"","overlay-gradient":""},"tablet":{"background-color":"","background-image":"","background-repeat":"repeat","background-position":"center center","background-size":"auto","background-attachment":"scroll","background-type":"","background-media":"","overlay-type":"","overlay-color":"","overlay-opacity":"","overlay-gradient":""},"mobile":{"background-color":"","background-image":"","background-repeat":"repeat","background-position":"center center","background-size":"auto","background-attachment":"scroll","background-type":"","background-media":"","overlay-type":"","overlay-color":"","overlay-opacity":"","overlay-gradient":""}},"ast-content-background-meta":{"desktop":{"background-color":"var(--ast-global-color-5)","background-image":"","background-repeat":"repeat","background-position":"center center","background-size":"auto","background-attachment":"scroll","background-type":"","background-media":"","overlay-type":"","overlay-color":"","overlay-opacity":"","overlay-gradient":""},"tablet":{"background-color":"var(--ast-global-color-5)","background-image":"","background-repeat":"repeat","background-position":"center center","background-size":"auto","background-attachment":"scroll","background-type":"","background-media":"","overlay-type":"","overlay-color":"","overlay-opacity":"","overlay-gradient":""},"mobile":{"background-color":"var(--ast-global-color-5)","background-image":"","background-repeat":"repeat","background-position":"center center","background-size":"auto","background-attachment":"scroll","background-type":"","background-media":"","overlay-type":"","overlay-color":"","overlay-opacity":"","overlay-gradient":""}}},"product_brand":[],"product_cat":[3595],"product_tag":[],"class_list":{"0":"post-58901","1":"product","2":"type-product","3":"status-publish","4":"has-post-thumbnail","6":"product_cat-exklusive-weine","7":"desktop-align-left","8":"tablet-align-left","9":"mobile-align-left","11":"first","12":"outofstock","13":"taxable","14":"shipping-taxable","15":"purchasable","16":"product-type-simple"},"uagb_featured_image_src":{"full":["https:\/\/weingut-fritzsch.de\/wpn\/wp-content\/uploads\/SHOPPICS\/Fritzsch-Web-Logo 2018.jpg",182,182,false],"thumbnail":["https:\/\/weingut-fritzsch.de\/wpn\/wp-content\/uploads\/SHOPPICS\/Fritzsch-Web-Logo 2018-100x182.jpg",100,182,true],"medium":["https:\/\/weingut-fritzsch.de\/wpn\/wp-content\/uploads\/SHOPPICS\/Fritzsch-Web-Logo 2018-100x100.jpg",100,100,true],"medium_large":["https:\/\/weingut-fritzsch.de\/wpn\/wp-content\/uploads\/SHOPPICS\/Fritzsch-Web-Logo 2018.jpg",182,182,false],"large":["https:\/\/weingut-fritzsch.de\/wpn\/wp-content\/uploads\/SHOPPICS\/Fritzsch-Web-Logo 2018.jpg",182,182,false],"1536x1536":["https:\/\/weingut-fritzsch.de\/wpn\/wp-content\/uploads\/SHOPPICS\/Fritzsch-Web-Logo 2018.jpg",182,182,false],"2048x2048":["https:\/\/weingut-fritzsch.de\/wpn\/wp-content\/uploads\/SHOPPICS\/Fritzsch-Web-Logo 2018.jpg",182,182,false],"woocommerce_thumbnail":["https:\/\/weingut-fritzsch.de\/wpn\/wp-content\/uploads\/SHOPPICS\/Fritzsch-Web-Logo 2018.jpg",100,100,false],"woocommerce_single":["https:\/\/weingut-fritzsch.de\/wpn\/wp-content\/uploads\/SHOPPICS\/Fritzsch-Web-Logo 2018.jpg",182,182,false],"woocommerce_gallery_thumbnail":["https:\/\/weingut-fritzsch.de\/wpn\/wp-content\/uploads\/SHOPPICS\/Fritzsch-Web-Logo 2018.jpg",100,100,false]},"uagb_author_info":{"display_name":"","author_link":"https:\/\/weingut-fritzsch.de\/wpn\/author\/"},"uagb_comment_info":0,"uagb_excerpt":"Aus den \u00e4ltesten Rieslingreben unseres Hauses, gepflanzt vonunserem Gro\u00dfvater, w\u00e4chst dieser Wein auf dem schweren Kalkboden des SprendlingerKlostergarten. Der Boden formt Mineralit\u00e4t und Tiefe, der alte Wurzelstock Konzentration und Charakter. Limitierte Sonderlinie unseres Weinguts. Artikelnummer: 11 Inhalt 0,75 Ltr. Preis\/Ltr. 11,87 EUR pro Ltr. Weinart: Wei\u00dfwein Qualit&auml;tsstufe Qualit\u00e4tswein Rebsorte Riesling Restzuckergehalt Alkoholgehalt 13,5 Vol. %&hellip;","_links":{"self":[{"href":"https:\/\/weingut-fritzsch.de\/wpn\/wp-json\/wp\/v2\/product\/58901","targetHints":{"allow":["GET"]}}],"collection":[{"href":"https:\/\/weingut-fritzsch.de\/wpn\/wp-json\/wp\/v2\/product"}],"about":[{"href":"https:\/\/weingut-fritzsch.de\/wpn\/wp-json\/wp\/v2\/types\/product"}],"replies":[{"embeddable":true,"href":"https:\/\/weingut-fritzsch.de\/wpn\/wp-json\/wp\/v2\/comments?post=58901"}],"wp:featuredmedia":[{"embeddable":true,"href":"https:\/\/weingut-fritzsch.de\/wpn\/wp-json\/wp\/v2\/media\/58300"}],"wp:attachment":[{"href":"https:\/\/weingut-fritzsch.de\/wpn\/wp-json\/wp\/v2\/media?parent=58901"}],"wp:term":[{"taxonomy":"product_brand","embeddable":true,"href":"https:\/\/weingut-fritzsch.de\/wpn\/wp-json\/wp\/v2\/product_brand?post=58901"},{"taxonomy":"product_cat","embeddable":true,"href":"https:\/\/weingut-fritzsch.de\/wpn\/wp-json\/wp\/v2\/product_cat?post=58901"},{"taxonomy":"product_tag","embeddable":true,"href":"https:\/\/weingut-fritzsch.de\/wpn\/wp-json\/wp\/v2\/product_tag?post=58901"}],"curies":[{"name":"wp","href":"https:\/\/api.w.org\/{rel}","templated":true}]}}