{"id":58891,"date":"2026-03-31T16:53:42","date_gmt":"2026-03-31T14:53:42","guid":{"rendered":"https:\/\/weingut-fritzsch.de\/wpn\/produkt\/artikel-nr-132025er-riesling-spaetlese-lieblich-075l\/"},"modified":"2026-04-29T15:19:43","modified_gmt":"2026-04-29T13:19:43","slug":"artikel-nr-132025er-riesling-spaetlese-lieblich-075l","status":"publish","type":"product","link":"https:\/\/weingut-fritzsch.de\/wpn\/produkt\/artikel-nr-132025er-riesling-spaetlese-lieblich-075l\/","title":{"rendered":"<br>Artikel-Nr. 13<br>2025er Riesling Sp\u00e4tlese  lieblich 0,75l<br>"},"content":{"rendered":"\n<div align=\"left\"><font size=\"2\"><br \/><!-- IBGHTML --><\/p>\n<p data-end=\"223\" data-start=\"165\"><strong data-end=\"223\" data-start=\"165\">Riesling Sp\u00e4tlese lieblich \u2013 Rheinhessen, Sprendlingen<\/strong><\/p>\n<p data-end=\"583\" data-start=\"225\">Saftiger Riesling mit intensiver Frucht und eleganter S\u00fc\u00dfe. In der Nase zeigen sich Aromen von reifem Pfirsich, Aprikose und exotischen Fr\u00fcchten, getragen von der feinen Mineralit\u00e4t unserer B\u00f6den und der lebendigen, spritzigen S\u00e4ure der Rieslingtraube. Die harmonische Balance aus S\u00fc\u00dfe und Frische macht diese Sp\u00e4tlese besonders animierend und vielschichtig.<\/p>\n<p data-end=\"740\" data-start=\"585\">Ein wunderbar fruchtbetonter Riesling \u2013 perfekt als Genusswein, zu Desserts, asiatischer K\u00fcche oder einfach als besonderer Begleiter f\u00fcr gem\u00fctliche Abende.<\/p>\n<p> <\/font><\/div>\n<table WIDTH=\"60%\" BORDER=\"0\" align=\"left\" CELLPADDING=\"0\" CELLSPACING=\"0\"><\/p>\n<tr><\/p>\n<td width=\"53%\"><font size=\"-1\">Artikelnummer:<\/font><\/td>\n<td width=\"47%\"><font size=\"-1\"><strong>13<\/strong><\/font><\/td>\n<p><\/tr>\n<tr><\/p>\n<td><font size=\"-1\">Inhalt<\/font><\/td>\n<td><font size=\"-1\"><strong>0,75 Ltr.<\/strong><\/font><\/td>\n<p><\/tr>\n<tr ALIGN=\"LEFT\"><\/p>\n<td><font size=\"-1\">Preis\/Ltr.<\/font><\/td>\n<td><font size=\"-1\"><strong>8,53 EUR pro Ltr.<\/strong><\/font><\/td>\n<p><\/tr>\n<tr><\/p>\n<td><font size=\"-1\">Weinart:<\/font><\/td>\n<td><font size=\"-1\"><strong>Wei\u00dfwein<\/strong><\/font><\/td>\n<p><\/tr>\n<tr><\/p>\n<td><font size=\"-1\">Qualit&auml;tsstufe<\/font><\/td>\n<td><font size=\"-1\"><strong>Sp\u00e4tlese<\/strong><\/font><\/td>\n<p><\/tr>\n<tr><\/p>\n<td><font size=\"-1\">Rebsorte<\/font><\/td>\n<td><font size=\"-1\"><strong>Riesling<\/strong><\/font><\/td>\n<p><\/tr>\n<tr>  <\/p>\n<td><font size=\"-1\">Restzuckergehalt<\/font><\/td>\n<p>  <\/p>\n<td><font size=\"-1\"><strong>40,9 g\/Ltr.<\/strong><\/font><\/td>\n<p><\/tr>\n<p><\/p>\n<tr><\/p>\n<td><font size=\"-1\">Alkoholgehalt<\/font><\/td>\n<td><font size=\"-1\"><strong>10,5 Vol. %<\/strong><\/font><\/td>\n<p><\/tr>\n<p><\/p>\n<tr>\n<td><font size=\"-1\">Bio:<\/font><\/td>\n<td><font size=\"-1\"><strong>NEIN<\/strong><\/font><\/td>\n<\/tr>\n<p><\/p>\n<tr>\n<td><font size=\"-1\">vegan:<\/font><\/td>\n<td><font size=\"-1\"><strong>NEIN<\/strong><\/font><\/td>\n<\/tr>\n<p><\/p>\n<tr>\n<td><font size=\"-1\">Ursprungsland:<\/font><\/td>\n<td><font size=\"-1\"><strong>Deutschland<\/strong><\/font><\/td>\n<\/tr>\n<p><\/p>\n<tr>\n<td><font size=\"-1\">enth\u00e4lt Allergene:<\/font><\/td>\n<td><font size=\"-1\"><strong>Sulfite<\/strong><\/font><\/td>\n<\/tr>\n<p><\/p>\n<tr>\n<td><font size=\"-1\">enth\u00e4lt Allergene:<\/font><\/td>\n<td><font size=\"-1\"><strong>Sulfite<\/strong><\/font><\/td>\n<\/tr>\n<p><\/table>\n","protected":false},"excerpt":{"rendered":"<p>Riesling Sp\u00e4tlese lieblich \u2013 Rheinhessen, Sprendlingen Saftiger Riesling mit intensiver Frucht und eleganter S\u00fc\u00dfe. In der Nase zeigen sich Aromen von reifem Pfirsich, Aprikose und exotischen Fr\u00fcchten, getragen von der feinen Mineralit\u00e4t unserer B\u00f6den und der lebendigen, spritzigen S\u00e4ure der Rieslingtraube. Die harmonische Balance aus S\u00fc\u00dfe und Frische macht diese Sp\u00e4tlese besonders animierend und vielschichtig. [&hellip;]<\/p>\n","protected":false},"featured_media":58025,"comment_status":"open","ping_status":"closed","template":"","meta":{"_uag_custom_page_level_css":"","site-sidebar-layout":"default","site-content-layout":"","ast-site-content-layout":"default","site-content-style":"default","site-sidebar-style":"default","ast-global-header-display":"","ast-banner-title-visibility":"","ast-main-header-display":"","ast-hfb-above-header-display":"","ast-hfb-below-header-display":"","ast-hfb-mobile-header-display":"","site-post-title":"","ast-breadcrumbs-content":"","ast-featured-img":"","footer-sml-layout":"","ast-disable-related-posts":"","theme-transparent-header-meta":"","adv-header-id-meta":"","stick-header-meta":"","header-above-stick-meta":"","header-main-stick-meta":"","header-below-stick-meta":"","astra-migrate-meta-layouts":"default","ast-page-background-enabled":"default","ast-page-background-meta":{"desktop":{"background-color":"var(--ast-global-color-4)","background-image":"","background-repeat":"repeat","background-position":"center center","background-size":"auto","background-attachment":"scroll","background-type":"","background-media":"","overlay-type":"","overlay-color":"","overlay-opacity":"","overlay-gradient":""},"tablet":{"background-color":"","background-image":"","background-repeat":"repeat","background-position":"center center","background-size":"auto","background-attachment":"scroll","background-type":"","background-media":"","overlay-type":"","overlay-color":"","overlay-opacity":"","overlay-gradient":""},"mobile":{"background-color":"","background-image":"","background-repeat":"repeat","background-position":"center center","background-size":"auto","background-attachment":"scroll","background-type":"","background-media":"","overlay-type":"","overlay-color":"","overlay-opacity":"","overlay-gradient":""}},"ast-content-background-meta":{"desktop":{"background-color":"var(--ast-global-color-5)","background-image":"","background-repeat":"repeat","background-position":"center center","background-size":"auto","background-attachment":"scroll","background-type":"","background-media":"","overlay-type":"","overlay-color":"","overlay-opacity":"","overlay-gradient":""},"tablet":{"background-color":"var(--ast-global-color-5)","background-image":"","background-repeat":"repeat","background-position":"center center","background-size":"auto","background-attachment":"scroll","background-type":"","background-media":"","overlay-type":"","overlay-color":"","overlay-opacity":"","overlay-gradient":""},"mobile":{"background-color":"var(--ast-global-color-5)","background-image":"","background-repeat":"repeat","background-position":"center center","background-size":"auto","background-attachment":"scroll","background-type":"","background-media":"","overlay-type":"","overlay-color":"","overlay-opacity":"","overlay-gradient":""}}},"product_brand":[],"product_cat":[3596],"product_tag":[],"class_list":{"0":"post-58891","1":"product","2":"type-product","3":"status-publish","4":"has-post-thumbnail","6":"product_cat-prestige-weine","7":"desktop-align-left","8":"tablet-align-left","9":"mobile-align-left","11":"first","12":"instock","13":"taxable","14":"shipping-taxable","15":"purchasable","16":"product-type-simple"},"uagb_featured_image_src":{"full":["https:\/\/weingut-fritzsch.de\/wpn\/wp-content\/uploads\/SHOPPICS\/Weingut_Fritzsch_Sprendlingen_13.jpg",276,552,false],"thumbnail":["https:\/\/weingut-fritzsch.de\/wpn\/wp-content\/uploads\/SHOPPICS\/Weingut_Fritzsch_Sprendlingen_13-100x200.jpg",100,200,true],"medium":["https:\/\/weingut-fritzsch.de\/wpn\/wp-content\/uploads\/SHOPPICS\/Weingut_Fritzsch_Sprendlingen_13-100x200.jpg",100,200,true],"medium_large":["https:\/\/weingut-fritzsch.de\/wpn\/wp-content\/uploads\/SHOPPICS\/Weingut_Fritzsch_Sprendlingen_13.jpg",276,552,false],"large":["https:\/\/weingut-fritzsch.de\/wpn\/wp-content\/uploads\/SHOPPICS\/Weingut_Fritzsch_Sprendlingen_13.jpg",276,552,false],"1536x1536":["https:\/\/weingut-fritzsch.de\/wpn\/wp-content\/uploads\/SHOPPICS\/Weingut_Fritzsch_Sprendlingen_13.jpg",276,552,false],"2048x2048":["https:\/\/weingut-fritzsch.de\/wpn\/wp-content\/uploads\/SHOPPICS\/Weingut_Fritzsch_Sprendlingen_13.jpg",276,552,false],"woocommerce_thumbnail":["https:\/\/weingut-fritzsch.de\/wpn\/wp-content\/uploads\/SHOPPICS\/Weingut_Fritzsch_Sprendlingen_13.jpg",100,200,false],"woocommerce_single":["https:\/\/weingut-fritzsch.de\/wpn\/wp-content\/uploads\/SHOPPICS\/Weingut_Fritzsch_Sprendlingen_13.jpg",276,552,false],"woocommerce_gallery_thumbnail":["https:\/\/weingut-fritzsch.de\/wpn\/wp-content\/uploads\/SHOPPICS\/Weingut_Fritzsch_Sprendlingen_13-100x100.jpg",100,100,true]},"uagb_author_info":{"display_name":"","author_link":"https:\/\/weingut-fritzsch.de\/wpn\/author\/"},"uagb_comment_info":0,"uagb_excerpt":"Riesling Sp\u00e4tlese lieblich \u2013 Rheinhessen, Sprendlingen Saftiger Riesling mit intensiver Frucht und eleganter S\u00fc\u00dfe. In der Nase zeigen sich Aromen von reifem Pfirsich, Aprikose und exotischen Fr\u00fcchten, getragen von der feinen Mineralit\u00e4t unserer B\u00f6den und der lebendigen, spritzigen S\u00e4ure der Rieslingtraube. Die harmonische Balance aus S\u00fc\u00dfe und Frische macht diese Sp\u00e4tlese besonders animierend und vielschichtig.&hellip;","_links":{"self":[{"href":"https:\/\/weingut-fritzsch.de\/wpn\/wp-json\/wp\/v2\/product\/58891","targetHints":{"allow":["GET"]}}],"collection":[{"href":"https:\/\/weingut-fritzsch.de\/wpn\/wp-json\/wp\/v2\/product"}],"about":[{"href":"https:\/\/weingut-fritzsch.de\/wpn\/wp-json\/wp\/v2\/types\/product"}],"replies":[{"embeddable":true,"href":"https:\/\/weingut-fritzsch.de\/wpn\/wp-json\/wp\/v2\/comments?post=58891"}],"wp:featuredmedia":[{"embeddable":true,"href":"https:\/\/weingut-fritzsch.de\/wpn\/wp-json\/wp\/v2\/media\/58025"}],"wp:attachment":[{"href":"https:\/\/weingut-fritzsch.de\/wpn\/wp-json\/wp\/v2\/media?parent=58891"}],"wp:term":[{"taxonomy":"product_brand","embeddable":true,"href":"https:\/\/weingut-fritzsch.de\/wpn\/wp-json\/wp\/v2\/product_brand?post=58891"},{"taxonomy":"product_cat","embeddable":true,"href":"https:\/\/weingut-fritzsch.de\/wpn\/wp-json\/wp\/v2\/product_cat?post=58891"},{"taxonomy":"product_tag","embeddable":true,"href":"https:\/\/weingut-fritzsch.de\/wpn\/wp-json\/wp\/v2\/product_tag?post=58891"}],"curies":[{"name":"wp","href":"https:\/\/api.w.org\/{rel}","templated":true}]}}