{"id":58886,"date":"2026-03-30T17:18:10","date_gmt":"2026-03-30T15:18:10","guid":{"rendered":"https:\/\/weingut-fritzsch.de\/wpn\/produkt\/artikel-nr-162025er-chardonnay-qualitaetswein-trocken-075l\/"},"modified":"2026-04-27T08:33:32","modified_gmt":"2026-04-27T06:33:32","slug":"artikel-nr-162025er-chardonnay-qualitaetswein-trocken-075l","status":"publish","type":"product","link":"https:\/\/weingut-fritzsch.de\/wpn\/produkt\/artikel-nr-162025er-chardonnay-qualitaetswein-trocken-075l\/","title":{"rendered":"<br>Artikel-Nr. 16<br>2025er Chardonnay Qualit\u00e4tswein  trocken 0,75l<br>"},"content":{"rendered":"\n<div align=\"left\"><font size=\"2\"><br \/><!-- IBGHTML --><\/p>\n<p data-start=\"180\" data-end=\"237\"><strong>Chardonnay \u2013 Sprendlinger Wi\u00dfberg, Rheinhessen<br \/><\/strong><br \/><strong>Aromenprofil &amp; Charakter:<\/strong> Vielschichtiges Bukett mit feinen Fruchtaromen, saftig auf der Zunge und von eleganter Cremigkeit getragen. Der Gaumen zeigt Noten von wei\u00dfen Fr\u00fcchten, leicht w\u00fcrzige Nuancen und einen vollen, harmonischen K\u00f6rper. Der lange, elegante Abgang rundet das Geschmackserlebnis perfekt ab.<\/p>\n<p data-start=\"555\" data-end=\"726\"><strong data-start=\"555\" data-end=\"573\">Genussmomente:<\/strong> Ideal zu gehobener K\u00fcche, feinen Fisch- und Gefl\u00fcgelgerichten oder reifem K\u00e4se. F\u00fcr das volle Aromenspiel empfehlen wir, dem Wein etwas Luft zu geben.<\/p>\n<p data-start=\"728\" data-end=\"823\"><strong data-start=\"728\" data-end=\"750\">Serviertemperatur:<\/strong> 8\u201310\u202f\u00b0C \u2013 leicht gek\u00fchlt entfaltet der Chardonnay seine volle Finesse.<\/p>\n<p data-start=\"825\" data-end=\"914\"><strong data-start=\"825\" data-end=\"843\">Weinbereitung:<\/strong> Trauben von 14 Jahre alten Rebst\u00f6cken, selektiv von Hand vorgelesen.<\/p>\n<p data-start=\"916\" data-end=\"1304\"><strong data-start=\"916\" data-end=\"941\">Charakter &amp; Herkunft:<\/strong> Ein ausdrucksstarker Chardonnay von den kalkhaltigen, schweren B\u00f6den des Sprendlinger Wi\u00dfbergs in Rheinhessen, der Mineralit\u00e4t, Struktur und Eleganz perfekt vereint. Weltweit sind rund 200.000\u202fha mit Chardonnay bestockt, damit geh\u00f6rt die Sorte zu den f\u00fcnf meistangebauten Rebsorten.<\/p>\n<p data-start=\"2177\" data-end=\"2226\"><\/p>\n<p>&nbsp;<\/p>\n<p> <\/font><\/div>\n<table WIDTH=\"60%\" BORDER=\"0\" align=\"left\" CELLPADDING=\"0\" CELLSPACING=\"0\"><\/p>\n<tr><\/p>\n<td width=\"53%\"><font size=\"-1\">Artikelnummer:<\/font><\/td>\n<td width=\"47%\"><font size=\"-1\"><strong>16<\/strong><\/font><\/td>\n<p><\/tr>\n<tr><\/p>\n<td><font size=\"-1\">Inhalt<\/font><\/td>\n<td><font size=\"-1\"><strong>0,75 Ltr.<\/strong><\/font><\/td>\n<p><\/tr>\n<tr ALIGN=\"LEFT\"><\/p>\n<td><font size=\"-1\">Preis\/Ltr.<\/font><\/td>\n<td><font size=\"-1\"><strong>9,20 EUR pro Ltr.<\/strong><\/font><\/td>\n<p><\/tr>\n<tr><\/p>\n<td><font size=\"-1\">Weinart:<\/font><\/td>\n<td><font size=\"-1\"><strong>Wei\u00dfwein<\/strong><\/font><\/td>\n<p><\/tr>\n<tr><\/p>\n<td><font size=\"-1\">Qualit&auml;tsstufe<\/font><\/td>\n<td><font size=\"-1\"><strong>Qualit\u00e4tswein<\/strong><\/font><\/td>\n<p><\/tr>\n<tr><\/p>\n<td><font size=\"-1\">Rebsorte<\/font><\/td>\n<td><font size=\"-1\"><strong>Chardonnay<\/strong><\/font><\/td>\n<p><\/tr>\n<tr>  <\/p>\n<td><font size=\"-1\">Restzuckergehalt<\/font><\/td>\n<p>  <\/p>\n<td><font size=\"-1\"><strong>7,7 g\/Ltr.<\/strong><\/font><\/td>\n<p><\/tr>\n<p><\/p>\n<tr><\/p>\n<td><font size=\"-1\">Alkoholgehalt<\/font><\/td>\n<td><font size=\"-1\"><strong>12,5 Vol. %<\/strong><\/font><\/td>\n<p><\/tr>\n<p><\/p>\n<tr>\n<td><font size=\"-1\">Bio:<\/font><\/td>\n<td><font size=\"-1\"><strong>NEIN<\/strong><\/font><\/td>\n<\/tr>\n<p><\/p>\n<tr>\n<td><font size=\"-1\">vegan:<\/font><\/td>\n<td><font size=\"-1\"><strong>NEIN<\/strong><\/font><\/td>\n<\/tr>\n<p><\/p>\n<tr>\n<td><font size=\"-1\">Ursprungsland:<\/font><\/td>\n<td><font size=\"-1\"><strong>Deutschland<\/strong><\/font><\/td>\n<\/tr>\n<p><\/p>\n<tr>\n<td><font size=\"-1\">enth\u00e4lt Allergene:<\/font><\/td>\n<td><font size=\"-1\"><strong>Sulfite<\/strong><\/font><\/td>\n<\/tr>\n<p><\/p>\n<tr>\n<td><font size=\"-1\">enth\u00e4lt Allergene:<\/font><\/td>\n<td><font size=\"-1\"><strong>Sulfite<\/strong><\/font><\/td>\n<\/tr>\n<p><\/table>\n","protected":false},"excerpt":{"rendered":"<p>Chardonnay \u2013 Sprendlinger Wi\u00dfberg, RheinhessenAromenprofil &amp; Charakter: Vielschichtiges Bukett mit feinen Fruchtaromen, saftig auf der Zunge und von eleganter Cremigkeit getragen. Der Gaumen zeigt Noten von wei\u00dfen Fr\u00fcchten, leicht w\u00fcrzige Nuancen und einen vollen, harmonischen K\u00f6rper. Der lange, elegante Abgang rundet das Geschmackserlebnis perfekt ab. Genussmomente: Ideal zu gehobener K\u00fcche, feinen Fisch- und Gefl\u00fcgelgerichten oder [&hellip;]<\/p>\n","protected":false},"featured_media":58028,"comment_status":"open","ping_status":"closed","template":"","meta":{"_uag_custom_page_level_css":"","site-sidebar-layout":"default","site-content-layout":"","ast-site-content-layout":"default","site-content-style":"default","site-sidebar-style":"default","ast-global-header-display":"","ast-banner-title-visibility":"","ast-main-header-display":"","ast-hfb-above-header-display":"","ast-hfb-below-header-display":"","ast-hfb-mobile-header-display":"","site-post-title":"","ast-breadcrumbs-content":"","ast-featured-img":"","footer-sml-layout":"","ast-disable-related-posts":"","theme-transparent-header-meta":"","adv-header-id-meta":"","stick-header-meta":"","header-above-stick-meta":"","header-main-stick-meta":"","header-below-stick-meta":"","astra-migrate-meta-layouts":"default","ast-page-background-enabled":"default","ast-page-background-meta":{"desktop":{"background-color":"var(--ast-global-color-4)","background-image":"","background-repeat":"repeat","background-position":"center center","background-size":"auto","background-attachment":"scroll","background-type":"","background-media":"","overlay-type":"","overlay-color":"","overlay-opacity":"","overlay-gradient":""},"tablet":{"background-color":"","background-image":"","background-repeat":"repeat","background-position":"center center","background-size":"auto","background-attachment":"scroll","background-type":"","background-media":"","overlay-type":"","overlay-color":"","overlay-opacity":"","overlay-gradient":""},"mobile":{"background-color":"","background-image":"","background-repeat":"repeat","background-position":"center center","background-size":"auto","background-attachment":"scroll","background-type":"","background-media":"","overlay-type":"","overlay-color":"","overlay-opacity":"","overlay-gradient":""}},"ast-content-background-meta":{"desktop":{"background-color":"var(--ast-global-color-5)","background-image":"","background-repeat":"repeat","background-position":"center center","background-size":"auto","background-attachment":"scroll","background-type":"","background-media":"","overlay-type":"","overlay-color":"","overlay-opacity":"","overlay-gradient":""},"tablet":{"background-color":"var(--ast-global-color-5)","background-image":"","background-repeat":"repeat","background-position":"center center","background-size":"auto","background-attachment":"scroll","background-type":"","background-media":"","overlay-type":"","overlay-color":"","overlay-opacity":"","overlay-gradient":""},"mobile":{"background-color":"var(--ast-global-color-5)","background-image":"","background-repeat":"repeat","background-position":"center center","background-size":"auto","background-attachment":"scroll","background-type":"","background-media":"","overlay-type":"","overlay-color":"","overlay-opacity":"","overlay-gradient":""}}},"product_brand":[],"product_cat":[3595],"product_tag":[],"class_list":{"0":"post-58886","1":"product","2":"type-product","3":"status-publish","4":"has-post-thumbnail","6":"product_cat-exklusive-weine","7":"desktop-align-left","8":"tablet-align-left","9":"mobile-align-left","11":"first","12":"instock","13":"taxable","14":"shipping-taxable","15":"purchasable","16":"product-type-simple"},"uagb_featured_image_src":{"full":["https:\/\/weingut-fritzsch.de\/wpn\/wp-content\/uploads\/SHOPPICS\/Weingut_Fritzsch_Sprendlingen_16.jpg",400,800,false],"thumbnail":["https:\/\/weingut-fritzsch.de\/wpn\/wp-content\/uploads\/SHOPPICS\/Weingut_Fritzsch_Sprendlingen_16-100x200.jpg",100,200,true],"medium":["https:\/\/weingut-fritzsch.de\/wpn\/wp-content\/uploads\/SHOPPICS\/Weingut_Fritzsch_Sprendlingen_16-100x200.jpg",100,200,true],"medium_large":["https:\/\/weingut-fritzsch.de\/wpn\/wp-content\/uploads\/SHOPPICS\/Weingut_Fritzsch_Sprendlingen_16.jpg",400,800,false],"large":["https:\/\/weingut-fritzsch.de\/wpn\/wp-content\/uploads\/SHOPPICS\/Weingut_Fritzsch_Sprendlingen_16.jpg",400,800,false],"1536x1536":["https:\/\/weingut-fritzsch.de\/wpn\/wp-content\/uploads\/SHOPPICS\/Weingut_Fritzsch_Sprendlingen_16.jpg",400,800,false],"2048x2048":["https:\/\/weingut-fritzsch.de\/wpn\/wp-content\/uploads\/SHOPPICS\/Weingut_Fritzsch_Sprendlingen_16.jpg",400,800,false],"woocommerce_thumbnail":["https:\/\/weingut-fritzsch.de\/wpn\/wp-content\/uploads\/SHOPPICS\/Weingut_Fritzsch_Sprendlingen_16.jpg",100,200,false],"woocommerce_single":["https:\/\/weingut-fritzsch.de\/wpn\/wp-content\/uploads\/SHOPPICS\/Weingut_Fritzsch_Sprendlingen_16.jpg",400,800,false],"woocommerce_gallery_thumbnail":["https:\/\/weingut-fritzsch.de\/wpn\/wp-content\/uploads\/SHOPPICS\/Weingut_Fritzsch_Sprendlingen_16-100x100.jpg",100,100,true]},"uagb_author_info":{"display_name":"","author_link":"https:\/\/weingut-fritzsch.de\/wpn\/author\/"},"uagb_comment_info":0,"uagb_excerpt":"Chardonnay \u2013 Sprendlinger Wi\u00dfberg, RheinhessenAromenprofil &amp; Charakter: Vielschichtiges Bukett mit feinen Fruchtaromen, saftig auf der Zunge und von eleganter Cremigkeit getragen. Der Gaumen zeigt Noten von wei\u00dfen Fr\u00fcchten, leicht w\u00fcrzige Nuancen und einen vollen, harmonischen K\u00f6rper. Der lange, elegante Abgang rundet das Geschmackserlebnis perfekt ab. Genussmomente: Ideal zu gehobener K\u00fcche, feinen Fisch- und Gefl\u00fcgelgerichten oder&hellip;","_links":{"self":[{"href":"https:\/\/weingut-fritzsch.de\/wpn\/wp-json\/wp\/v2\/product\/58886","targetHints":{"allow":["GET"]}}],"collection":[{"href":"https:\/\/weingut-fritzsch.de\/wpn\/wp-json\/wp\/v2\/product"}],"about":[{"href":"https:\/\/weingut-fritzsch.de\/wpn\/wp-json\/wp\/v2\/types\/product"}],"replies":[{"embeddable":true,"href":"https:\/\/weingut-fritzsch.de\/wpn\/wp-json\/wp\/v2\/comments?post=58886"}],"wp:featuredmedia":[{"embeddable":true,"href":"https:\/\/weingut-fritzsch.de\/wpn\/wp-json\/wp\/v2\/media\/58028"}],"wp:attachment":[{"href":"https:\/\/weingut-fritzsch.de\/wpn\/wp-json\/wp\/v2\/media?parent=58886"}],"wp:term":[{"taxonomy":"product_brand","embeddable":true,"href":"https:\/\/weingut-fritzsch.de\/wpn\/wp-json\/wp\/v2\/product_brand?post=58886"},{"taxonomy":"product_cat","embeddable":true,"href":"https:\/\/weingut-fritzsch.de\/wpn\/wp-json\/wp\/v2\/product_cat?post=58886"},{"taxonomy":"product_tag","embeddable":true,"href":"https:\/\/weingut-fritzsch.de\/wpn\/wp-json\/wp\/v2\/product_tag?post=58886"}],"curies":[{"name":"wp","href":"https:\/\/api.w.org\/{rel}","templated":true}]}}