{"id":58872,"date":"2026-03-23T10:08:34","date_gmt":"2026-03-23T08:08:34","guid":{"rendered":"https:\/\/weingut-fritzsch.de\/wpn\/produkt\/artikel-nr-5010-flaschen-silvaner-trocken-075l-2-flaschen-gratits\/"},"modified":"2026-04-21T15:47:29","modified_gmt":"2026-04-21T13:47:29","slug":"artikel-nr-5010-flaschen-gruener-silvaner-trocken-075l-2-flaschen-gratis","status":"publish","type":"product","link":"https:\/\/weingut-fritzsch.de\/wpn\/produkt\/artikel-nr-5010-flaschen-gruener-silvaner-trocken-075l-2-flaschen-gratis\/","title":{"rendered":"<br>Artikel-Nr. 50<br>10 Flaschen Gr\u00fcner Silvaner trocken 0,75l + 2 Flaschen gratis<br>"},"content":{"rendered":"\n<div align=\"left\"><font size=\"2\"><br \/><!-- IBGHTML --><\/p>\n<p><span style='line-height: 107%;font-family: \"Times New Roman\",serif;font-size: 12pt'><strong><u>Unser Osterpaket:<\/u><\/strong><\/span><\/p>\n<p><span style='line-height: 107%;font-family: \"Times New Roman\",serif;font-size: 12pt'>12&nbsp;Flaschen Gr\u00fcner Silvaner trocken <span style='line-height: 107%;font-family: \"Times New Roman\",serif;font-size: 12pt'><span style='line-height: 107%;font-family: \"Times New Roman\",serif;font-size: 12pt'>Deutscher Qualit\u00e4tswein 0,75 l<\/span><\/span><br \/>f\u00fcr nur <strong>56,00<\/strong> \u20ac statt 67,20 \u20ac. Sie erhalten <strong>2 Flaschen gratis.<br \/><\/strong>G\u00fcltig bis 30 April 2026<br \/><span style='line-height: 107%;font-family: \"Times New Roman\",serif;font-size: 12pt'><span style='line-height: 107%;font-family: \"Times New Roman\",serif;font-size: 12pt'><span style='line-height: 107%;font-family: \"Times New Roman\",serif;font-size: 12pt'><br \/><\/span><\/span><\/span><\/span><\/p>\n<p style=\"margin: 0cm 0cm 8pt\">\n<p><span style='line-height: 107%;font-family: \"Times New Roman\",serif;font-size: 12pt'><\/p>\n<p style=\"margin: 0cm 0cm 8pt\">\n<p><\/p>\n<div class=\"WH_ElabG ElabGV2\" style='text-transform: none;text-indent: 0px;letter-spacing: normal;font-family: Helvetica, Arial, \"Lucida Grande\", sans-serif !important;font-size: 13px;font-style: normal;font-weight: 700;white-space: normal'><\/div>\n<p><\/span><br \/> <\/font><\/div>\n<table WIDTH=\"60%\" BORDER=\"0\" align=\"left\" CELLPADDING=\"0\" CELLSPACING=\"0\"><\/p>\n<tr><\/p>\n<td width=\"53%\"><font size=\"-1\">Artikelnummer:<\/font><\/td>\n<td width=\"47%\"><font size=\"-1\"><strong>50<\/strong><\/font><\/td>\n<p><\/tr>\n<tr><\/p>\n<td><font size=\"-1\">Inhalt<\/font><\/td>\n<td><font size=\"-1\"><strong>0,75 Ltr.<\/strong><\/font><\/td>\n<p><\/tr>\n<tr ALIGN=\"LEFT\"><\/p>\n<td><font size=\"-1\">Preis\/Ltr.<\/font><\/td>\n<td><font size=\"-1\"><strong>74,67 EUR pro Ltr.<\/strong><\/font><\/td>\n<p><\/tr>\n<tr><\/p>\n<td><font size=\"-1\">Weinart:<\/font><\/td>\n<td><font size=\"-1\"><strong><\/strong><\/font><\/td>\n<p><\/tr>\n<tr><\/p>\n<td><font size=\"-1\">Qualit&auml;tsstufe<\/font><\/td>\n<td><font size=\"-1\"><strong><\/strong><\/font><\/td>\n<p><\/tr>\n<tr><\/p>\n<td><font size=\"-1\">Rebsorte<\/font><\/td>\n<td><font size=\"-1\"><strong><\/strong><\/font><\/td>\n<p><\/tr>\n<tr>  <\/p>\n<td><font size=\"-1\">Restzuckergehalt<\/font><\/td>\n<p>  <\/p>\n<td><font size=\"-1\"><strong>6 g\/Ltr.<\/strong><\/font><\/td>\n<p><\/tr>\n<p><\/p>\n<tr><\/p>\n<td><font size=\"-1\">Alkoholgehalt<\/font><\/td>\n<td><font size=\"-1\"><strong>11,0 Vol. %<\/strong><\/font><\/td>\n<p><\/tr>\n<p><\/p>\n<tr>\n<td><font size=\"-1\">Bio:<\/font><\/td>\n<td><font size=\"-1\"><strong>NEIN<\/strong><\/font><\/td>\n<\/tr>\n<p><\/p>\n<tr>\n<td><font size=\"-1\">vegan:<\/font><\/td>\n<td><font size=\"-1\"><strong>NEIN<\/strong><\/font><\/td>\n<\/tr>\n<p><\/p>\n<tr>\n<td><font size=\"-1\">Ursprungsland:<\/font><\/td>\n<td><font size=\"-1\"><strong>Deutschland<\/strong><\/font><\/td>\n<\/tr>\n<p><\/p>\n<tr>\n<td><font size=\"-1\">enth\u00e4lt Allergene:<\/font><\/td>\n<td><font size=\"-1\"><strong>Sulfit, Sulfite<\/strong><\/font><\/td>\n<\/tr>\n<p><\/p>\n<tr>\n<td><font size=\"-1\">enth\u00e4lt Allergene:<\/font><\/td>\n<td><font size=\"-1\"><strong>Sulfit, Sulfite<\/strong><\/font><\/td>\n<\/tr>\n<p><\/table>\n","protected":false},"excerpt":{"rendered":"<p>Unser Osterpaket: 12&nbsp;Flaschen Gr\u00fcner Silvaner trocken Deutscher Qualit\u00e4tswein 0,75 lf\u00fcr nur 56,00 \u20ac statt 67,20 \u20ac. Sie erhalten 2 Flaschen gratis.G\u00fcltig bis 30 April 2026 Artikelnummer: 50 Inhalt 0,75 Ltr. Preis\/Ltr. 74,67 EUR pro Ltr. Weinart: Qualit&auml;tsstufe Rebsorte Restzuckergehalt 6 g\/Ltr. Alkoholgehalt 11,0 Vol. % Bio: NEIN vegan: NEIN Ursprungsland: Deutschland enth\u00e4lt Allergene: Sulfit, Sulfite [&hellip;]<\/p>\n","protected":false},"featured_media":58300,"comment_status":"open","ping_status":"closed","template":"","meta":{"_uag_custom_page_level_css":"","site-sidebar-layout":"default","site-content-layout":"","ast-site-content-layout":"default","site-content-style":"default","site-sidebar-style":"default","ast-global-header-display":"","ast-banner-title-visibility":"","ast-main-header-display":"","ast-hfb-above-header-display":"","ast-hfb-below-header-display":"","ast-hfb-mobile-header-display":"","site-post-title":"","ast-breadcrumbs-content":"","ast-featured-img":"","footer-sml-layout":"","ast-disable-related-posts":"","theme-transparent-header-meta":"","adv-header-id-meta":"","stick-header-meta":"","header-above-stick-meta":"","header-main-stick-meta":"","header-below-stick-meta":"","astra-migrate-meta-layouts":"default","ast-page-background-enabled":"default","ast-page-background-meta":{"desktop":{"background-color":"var(--ast-global-color-4)","background-image":"","background-repeat":"repeat","background-position":"center center","background-size":"auto","background-attachment":"scroll","background-type":"","background-media":"","overlay-type":"","overlay-color":"","overlay-opacity":"","overlay-gradient":""},"tablet":{"background-color":"","background-image":"","background-repeat":"repeat","background-position":"center center","background-size":"auto","background-attachment":"scroll","background-type":"","background-media":"","overlay-type":"","overlay-color":"","overlay-opacity":"","overlay-gradient":""},"mobile":{"background-color":"","background-image":"","background-repeat":"repeat","background-position":"center center","background-size":"auto","background-attachment":"scroll","background-type":"","background-media":"","overlay-type":"","overlay-color":"","overlay-opacity":"","overlay-gradient":""}},"ast-content-background-meta":{"desktop":{"background-color":"var(--ast-global-color-5)","background-image":"","background-repeat":"repeat","background-position":"center center","background-size":"auto","background-attachment":"scroll","background-type":"","background-media":"","overlay-type":"","overlay-color":"","overlay-opacity":"","overlay-gradient":""},"tablet":{"background-color":"var(--ast-global-color-5)","background-image":"","background-repeat":"repeat","background-position":"center center","background-size":"auto","background-attachment":"scroll","background-type":"","background-media":"","overlay-type":"","overlay-color":"","overlay-opacity":"","overlay-gradient":""},"mobile":{"background-color":"var(--ast-global-color-5)","background-image":"","background-repeat":"repeat","background-position":"center center","background-size":"auto","background-attachment":"scroll","background-type":"","background-media":"","overlay-type":"","overlay-color":"","overlay-opacity":"","overlay-gradient":""}}},"product_brand":[],"product_cat":[3599],"product_tag":[],"class_list":{"0":"post-58872","1":"product","2":"type-product","3":"status-publish","4":"has-post-thumbnail","6":"product_cat-spezialitaeten","7":"desktop-align-left","8":"tablet-align-left","9":"mobile-align-left","11":"first","12":"instock","13":"featured","14":"taxable","15":"shipping-taxable","16":"purchasable","17":"product-type-simple"},"uagb_featured_image_src":{"full":["https:\/\/weingut-fritzsch.de\/wpn\/wp-content\/uploads\/SHOPPICS\/Fritzsch-Web-Logo 2018.jpg",182,182,false],"thumbnail":["https:\/\/weingut-fritzsch.de\/wpn\/wp-content\/uploads\/SHOPPICS\/Fritzsch-Web-Logo 2018-100x182.jpg",100,182,true],"medium":["https:\/\/weingut-fritzsch.de\/wpn\/wp-content\/uploads\/SHOPPICS\/Fritzsch-Web-Logo 2018-100x100.jpg",100,100,true],"medium_large":["https:\/\/weingut-fritzsch.de\/wpn\/wp-content\/uploads\/SHOPPICS\/Fritzsch-Web-Logo 2018.jpg",182,182,false],"large":["https:\/\/weingut-fritzsch.de\/wpn\/wp-content\/uploads\/SHOPPICS\/Fritzsch-Web-Logo 2018.jpg",182,182,false],"1536x1536":["https:\/\/weingut-fritzsch.de\/wpn\/wp-content\/uploads\/SHOPPICS\/Fritzsch-Web-Logo 2018.jpg",182,182,false],"2048x2048":["https:\/\/weingut-fritzsch.de\/wpn\/wp-content\/uploads\/SHOPPICS\/Fritzsch-Web-Logo 2018.jpg",182,182,false],"woocommerce_thumbnail":["https:\/\/weingut-fritzsch.de\/wpn\/wp-content\/uploads\/SHOPPICS\/Fritzsch-Web-Logo 2018.jpg",100,100,false],"woocommerce_single":["https:\/\/weingut-fritzsch.de\/wpn\/wp-content\/uploads\/SHOPPICS\/Fritzsch-Web-Logo 2018.jpg",182,182,false],"woocommerce_gallery_thumbnail":["https:\/\/weingut-fritzsch.de\/wpn\/wp-content\/uploads\/SHOPPICS\/Fritzsch-Web-Logo 2018.jpg",100,100,false]},"uagb_author_info":{"display_name":"","author_link":"https:\/\/weingut-fritzsch.de\/wpn\/author\/"},"uagb_comment_info":0,"uagb_excerpt":"Unser Osterpaket: 12&nbsp;Flaschen Gr\u00fcner Silvaner trocken Deutscher Qualit\u00e4tswein 0,75 lf\u00fcr nur 56,00 \u20ac statt 67,20 \u20ac. Sie erhalten 2 Flaschen gratis.G\u00fcltig bis 30 April 2026 Artikelnummer: 50 Inhalt 0,75 Ltr. Preis\/Ltr. 74,67 EUR pro Ltr. Weinart: Qualit&auml;tsstufe Rebsorte Restzuckergehalt 6 g\/Ltr. Alkoholgehalt 11,0 Vol. % Bio: NEIN vegan: NEIN Ursprungsland: Deutschland enth\u00e4lt Allergene: Sulfit, Sulfite&hellip;","_links":{"self":[{"href":"https:\/\/weingut-fritzsch.de\/wpn\/wp-json\/wp\/v2\/product\/58872","targetHints":{"allow":["GET"]}}],"collection":[{"href":"https:\/\/weingut-fritzsch.de\/wpn\/wp-json\/wp\/v2\/product"}],"about":[{"href":"https:\/\/weingut-fritzsch.de\/wpn\/wp-json\/wp\/v2\/types\/product"}],"replies":[{"embeddable":true,"href":"https:\/\/weingut-fritzsch.de\/wpn\/wp-json\/wp\/v2\/comments?post=58872"}],"wp:featuredmedia":[{"embeddable":true,"href":"https:\/\/weingut-fritzsch.de\/wpn\/wp-json\/wp\/v2\/media\/58300"}],"wp:attachment":[{"href":"https:\/\/weingut-fritzsch.de\/wpn\/wp-json\/wp\/v2\/media?parent=58872"}],"wp:term":[{"taxonomy":"product_brand","embeddable":true,"href":"https:\/\/weingut-fritzsch.de\/wpn\/wp-json\/wp\/v2\/product_brand?post=58872"},{"taxonomy":"product_cat","embeddable":true,"href":"https:\/\/weingut-fritzsch.de\/wpn\/wp-json\/wp\/v2\/product_cat?post=58872"},{"taxonomy":"product_tag","embeddable":true,"href":"https:\/\/weingut-fritzsch.de\/wpn\/wp-json\/wp\/v2\/product_tag?post=58872"}],"curies":[{"name":"wp","href":"https:\/\/api.w.org\/{rel}","templated":true}]}}