{"id":58189,"date":"2023-10-25T17:39:20","date_gmt":"2023-10-25T15:39:20","guid":{"rendered":"https:\/\/weingut-fritzsch.de\/wpn\/produkt\/artikel-nr-44traubensaft\/"},"modified":"2026-04-21T15:47:26","modified_gmt":"2026-04-21T13:47:26","slug":"artikel-nr-442025er-traubensaft-scheurebe","status":"publish","type":"product","link":"https:\/\/weingut-fritzsch.de\/wpn\/produkt\/artikel-nr-442025er-traubensaft-scheurebe\/","title":{"rendered":"<br>Artikel-Nr. 44<br>2025er Traubensaft Scheurebe<br>"},"content":{"rendered":"\n<div align=\"left\"><font size=\"2\"><br \/><!-- IBGHTML --><\/p>\n<p style=\"margin: 0cm 0cm 8pt\"><font face=\"Calibri\">2024er&nbsp;Bacchus Traubensaft<\/p>\n<p>100% Fruchtgehalt lt. gesetzl. Best.<\/font><\/p>\n<p style=\"margin: 0cm 0cm 8pt\"><font face=\"Calibri\">Rheinhessen \/ Deutschland<\/font><\/p>\n<p style=\"margin: 0cm 0cm 8pt\"><font face=\"Calibri\">100 ml enthalten durchschnittlich:<\/font><\/p>\n<p style=\"margin: 0cm 0cm 8pt\"><font face=\"Calibri\">Brennwert<span>&nbsp;&nbsp;&nbsp;&nbsp;&nbsp;&nbsp;&nbsp;&nbsp;&nbsp; <\/span> 224kJ \/ 53 kcal<\/font><\/p>\n<p style=\"margin: 0cm 0cm 8pt\"><font face=\"Calibri\">Kohlenhydrate <span> <\/span><span>&nbsp;<\/span>12,6 g<\/font><\/p>\n<p style=\"margin: 0cm 0cm 8pt\"><font face=\"Calibri\">davon<span>&nbsp;&nbsp; <\/span> 12,6 g<\/font><\/p>\n<p style=\"margin: 0cm 0cm 8pt\"><font face=\"Calibri\">Enth\u00e4lt geringf\u00fcgige Mengen an Fett. ges\u00e4ttigten Fetts\u00e4urenund Salz<\/font><\/p>\n<p> <\/font><\/div>\n<table WIDTH=\"60%\" BORDER=\"0\" align=\"left\" CELLPADDING=\"0\" CELLSPACING=\"0\"><\/p>\n<tr><\/p>\n<td width=\"53%\"><font size=\"-1\">Artikelnummer:<\/font><\/td>\n<td width=\"47%\"><font size=\"-1\"><strong>44<\/strong><\/font><\/td>\n<p><\/tr>\n<tr><\/p>\n<td><font size=\"-1\">Inhalt<\/font><\/td>\n<td><font size=\"-1\"><strong>0,75 Ltr.<\/strong><\/font><\/td>\n<p><\/tr>\n<tr ALIGN=\"LEFT\"><\/p>\n<td><font size=\"-1\">Preis\/Ltr.<\/font><\/td>\n<td><font size=\"-1\"><strong>5,27 EUR pro Ltr.<\/strong><\/font><\/td>\n<p><\/tr>\n<tr><\/p>\n<td><font size=\"-1\">Weinart:<\/font><\/td>\n<td><font size=\"-1\"><strong><\/strong><\/font><\/td>\n<p><\/tr>\n<tr><\/p>\n<td><font size=\"-1\">Qualit&auml;tsstufe<\/font><\/td>\n<td><font size=\"-1\"><strong><\/strong><\/font><\/td>\n<p><\/tr>\n<tr><\/p>\n<td><font size=\"-1\">Rebsorte<\/font><\/td>\n<td><font size=\"-1\"><strong><\/strong><\/font><\/td>\n<p><\/tr>\n<tr>  <\/p>\n<td><font size=\"-1\">Restzuckergehalt<\/font><\/td>\n<p>  <\/p>\n<td><font size=\"-1\"><strong>13,9 g\/Ltr.<\/strong><\/font><\/td>\n<p><\/tr>\n<p><\/p>\n<tr><\/p>\n<td><font size=\"-1\">Alkoholgehalt<\/font><\/td>\n<td><font size=\"-1\"><strong><\/strong><\/font><\/td>\n<p><\/tr>\n<p><\/p>\n<tr>\n<td><font size=\"-1\">Bio:<\/font><\/td>\n<td><font size=\"-1\"><strong>NEIN<\/strong><\/font><\/td>\n<\/tr>\n<p><\/p>\n<tr>\n<td><font size=\"-1\">vegan:<\/font><\/td>\n<td><font size=\"-1\"><strong>NEIN<\/strong><\/font><\/td>\n<\/tr>\n<p><\/p>\n<tr>\n<td><font size=\"-1\">Ursprungsland:<\/font><\/td>\n<td><font size=\"-1\"><strong><\/strong><\/font><\/td>\n<\/tr>\n<p><\/p>\n<tr>\n<td><font size=\"-1\">enth\u00e4lt Allergene:<\/font><\/td>\n<td><font size=\"-1\"><strong>Sulfite<\/strong><\/font><\/td>\n<\/tr>\n<p><\/p>\n<tr>\n<td><font size=\"-1\">enth\u00e4lt Allergene:<\/font><\/td>\n<td><font size=\"-1\"><strong>Sulfite<\/strong><\/font><\/td>\n<\/tr>\n<p><\/table>\n","protected":false},"excerpt":{"rendered":"<p>2024er&nbsp;Bacchus Traubensaft 100% Fruchtgehalt lt. gesetzl. Best. Rheinhessen \/ Deutschland 100 ml enthalten durchschnittlich: Brennwert&nbsp;&nbsp;&nbsp;&nbsp;&nbsp;&nbsp;&nbsp;&nbsp;&nbsp; 224kJ \/ 53 kcal Kohlenhydrate &nbsp;12,6 g davon&nbsp;&nbsp; 12,6 g Enth\u00e4lt geringf\u00fcgige Mengen an Fett. ges\u00e4ttigten Fetts\u00e4urenund Salz Artikelnummer: 44 Inhalt 0,75 Ltr. Preis\/Ltr. 5,27 EUR pro Ltr. Weinart: Qualit&auml;tsstufe Rebsorte Restzuckergehalt 13,9 g\/Ltr. Alkoholgehalt Bio: NEIN vegan: NEIN Ursprungsland: [&hellip;]<\/p>\n","protected":false},"featured_media":58216,"comment_status":"open","ping_status":"closed","template":"","meta":{"_uag_custom_page_level_css":"","site-sidebar-layout":"default","site-content-layout":"","ast-site-content-layout":"default","site-content-style":"default","site-sidebar-style":"default","ast-global-header-display":"","ast-banner-title-visibility":"","ast-main-header-display":"","ast-hfb-above-header-display":"","ast-hfb-below-header-display":"","ast-hfb-mobile-header-display":"","site-post-title":"","ast-breadcrumbs-content":"","ast-featured-img":"","footer-sml-layout":"","ast-disable-related-posts":"","theme-transparent-header-meta":"","adv-header-id-meta":"","stick-header-meta":"","header-above-stick-meta":"","header-main-stick-meta":"","header-below-stick-meta":"","astra-migrate-meta-layouts":"default","ast-page-background-enabled":"default","ast-page-background-meta":{"desktop":{"background-color":"var(--ast-global-color-4)","background-image":"","background-repeat":"repeat","background-position":"center center","background-size":"auto","background-attachment":"scroll","background-type":"","background-media":"","overlay-type":"","overlay-color":"","overlay-opacity":"","overlay-gradient":""},"tablet":{"background-color":"","background-image":"","background-repeat":"repeat","background-position":"center center","background-size":"auto","background-attachment":"scroll","background-type":"","background-media":"","overlay-type":"","overlay-color":"","overlay-opacity":"","overlay-gradient":""},"mobile":{"background-color":"","background-image":"","background-repeat":"repeat","background-position":"center center","background-size":"auto","background-attachment":"scroll","background-type":"","background-media":"","overlay-type":"","overlay-color":"","overlay-opacity":"","overlay-gradient":""}},"ast-content-background-meta":{"desktop":{"background-color":"var(--ast-global-color-5)","background-image":"","background-repeat":"repeat","background-position":"center center","background-size":"auto","background-attachment":"scroll","background-type":"","background-media":"","overlay-type":"","overlay-color":"","overlay-opacity":"","overlay-gradient":""},"tablet":{"background-color":"var(--ast-global-color-5)","background-image":"","background-repeat":"repeat","background-position":"center center","background-size":"auto","background-attachment":"scroll","background-type":"","background-media":"","overlay-type":"","overlay-color":"","overlay-opacity":"","overlay-gradient":""},"mobile":{"background-color":"var(--ast-global-color-5)","background-image":"","background-repeat":"repeat","background-position":"center center","background-size":"auto","background-attachment":"scroll","background-type":"","background-media":"","overlay-type":"","overlay-color":"","overlay-opacity":"","overlay-gradient":""}}},"product_brand":[],"product_cat":[3601],"product_tag":[],"class_list":{"0":"post-58189","1":"product","2":"type-product","3":"status-publish","4":"has-post-thumbnail","6":"product_cat-gluehwein-und-traubensaft","7":"desktop-align-left","8":"tablet-align-left","9":"mobile-align-left","11":"first","12":"instock","13":"taxable","14":"shipping-taxable","15":"purchasable","16":"product-type-simple"},"uagb_featured_image_src":{"full":["https:\/\/weingut-fritzsch.de\/wpn\/wp-content\/uploads\/SHOPPICS\/f_Traubensaft.jpg",400,800,false],"thumbnail":["https:\/\/weingut-fritzsch.de\/wpn\/wp-content\/uploads\/SHOPPICS\/f_Traubensaft-100x200.jpg",100,200,true],"medium":["https:\/\/weingut-fritzsch.de\/wpn\/wp-content\/uploads\/SHOPPICS\/f_Traubensaft-100x200.jpg",100,200,true],"medium_large":["https:\/\/weingut-fritzsch.de\/wpn\/wp-content\/uploads\/SHOPPICS\/f_Traubensaft.jpg",400,800,false],"large":["https:\/\/weingut-fritzsch.de\/wpn\/wp-content\/uploads\/SHOPPICS\/f_Traubensaft.jpg",400,800,false],"1536x1536":["https:\/\/weingut-fritzsch.de\/wpn\/wp-content\/uploads\/SHOPPICS\/f_Traubensaft.jpg",400,800,false],"2048x2048":["https:\/\/weingut-fritzsch.de\/wpn\/wp-content\/uploads\/SHOPPICS\/f_Traubensaft.jpg",400,800,false],"woocommerce_thumbnail":["https:\/\/weingut-fritzsch.de\/wpn\/wp-content\/uploads\/SHOPPICS\/f_Traubensaft.jpg",100,200,false],"woocommerce_single":["https:\/\/weingut-fritzsch.de\/wpn\/wp-content\/uploads\/SHOPPICS\/f_Traubensaft.jpg",400,800,false],"woocommerce_gallery_thumbnail":["https:\/\/weingut-fritzsch.de\/wpn\/wp-content\/uploads\/SHOPPICS\/f_Traubensaft-100x100.jpg",100,100,true]},"uagb_author_info":{"display_name":"","author_link":"https:\/\/weingut-fritzsch.de\/wpn\/author\/"},"uagb_comment_info":1,"uagb_excerpt":"2024er&nbsp;Bacchus Traubensaft 100% Fruchtgehalt lt. gesetzl. Best. Rheinhessen \/ Deutschland 100 ml enthalten durchschnittlich: Brennwert&nbsp;&nbsp;&nbsp;&nbsp;&nbsp;&nbsp;&nbsp;&nbsp;&nbsp; 224kJ \/ 53 kcal Kohlenhydrate &nbsp;12,6 g davon&nbsp;&nbsp; 12,6 g Enth\u00e4lt geringf\u00fcgige Mengen an Fett. ges\u00e4ttigten Fetts\u00e4urenund Salz Artikelnummer: 44 Inhalt 0,75 Ltr. Preis\/Ltr. 5,27 EUR pro Ltr. Weinart: Qualit&auml;tsstufe Rebsorte Restzuckergehalt 13,9 g\/Ltr. Alkoholgehalt Bio: NEIN vegan: NEIN Ursprungsland:&hellip;","_links":{"self":[{"href":"https:\/\/weingut-fritzsch.de\/wpn\/wp-json\/wp\/v2\/product\/58189","targetHints":{"allow":["GET"]}}],"collection":[{"href":"https:\/\/weingut-fritzsch.de\/wpn\/wp-json\/wp\/v2\/product"}],"about":[{"href":"https:\/\/weingut-fritzsch.de\/wpn\/wp-json\/wp\/v2\/types\/product"}],"replies":[{"embeddable":true,"href":"https:\/\/weingut-fritzsch.de\/wpn\/wp-json\/wp\/v2\/comments?post=58189"}],"wp:featuredmedia":[{"embeddable":true,"href":"https:\/\/weingut-fritzsch.de\/wpn\/wp-json\/wp\/v2\/media\/58216"}],"wp:attachment":[{"href":"https:\/\/weingut-fritzsch.de\/wpn\/wp-json\/wp\/v2\/media?parent=58189"}],"wp:term":[{"taxonomy":"product_brand","embeddable":true,"href":"https:\/\/weingut-fritzsch.de\/wpn\/wp-json\/wp\/v2\/product_brand?post=58189"},{"taxonomy":"product_cat","embeddable":true,"href":"https:\/\/weingut-fritzsch.de\/wpn\/wp-json\/wp\/v2\/product_cat?post=58189"},{"taxonomy":"product_tag","embeddable":true,"href":"https:\/\/weingut-fritzsch.de\/wpn\/wp-json\/wp\/v2\/product_tag?post=58189"}],"curies":[{"name":"wp","href":"https:\/\/api.w.org\/{rel}","templated":true}]}}