{"id":26556,"date":"2020-02-05T15:04:17","date_gmt":"2020-02-05T13:04:17","guid":{"rendered":"https:\/\/weingut-fritzsch.de\/?page_id=26556"},"modified":"2023-08-01T22:45:30","modified_gmt":"2023-08-01T20:45:30","slug":"lieferung-und-zahlung","status":"publish","type":"page","link":"https:\/\/weingut-fritzsch.de\/wpn\/lieferung-und-zahlung\/","title":{"rendered":"Lieferung und Zahlung"},"content":{"rendered":"\n<div class=\"wp-block-uagb-container uagb-block-73197c6c alignfull uagb-is-root-container\"><div class=\"uagb-container-inner-blocks-wrap\">\n<div style=\"height:100px\" aria-hidden=\"true\" class=\"wp-block-spacer\"><\/div>\n\n\n<DIV id=\"WH_Zahlung\"><!-- IBGHTML --><strong><font size=\"4\">Verkaufs- und Lieferbedingungen<\/font><\/strong> <br><br><strong>W\u00e4hlen Sie die Versandart die zu Ihnen am besten passt!<\/strong> <br><br>Alle Produkte sind in 6er Kartons verpackt.<br>&nbsp;<br><strong> Paketversand mit DPD 6 Werktage Lieferzeit<\/strong> - Auslieferung erfolgt in Versandkartons bis zur Haust\u00fcre. Frachtkostenanteil: <br>1 bis 11 Flaschen 7,50 \u20ac, <br>12 bis 29 Flaschen 6,50 \u20ac,<br>30 bis 60 Flaschen kostenloser Versand.&nbsp; <br><br><strong>Speditionsversand 14 Werktage Lieferzeit <\/strong>- telefonische Terminvereinbarung. Auslieferung in 6er Einwegkartons bis ( z.B. Keller). <br>30 bis 336 Flaschen kostenloser Versand.&nbsp; <br><br><strong>Halbpalettenversand 6 Werktage Lieferzeit<\/strong> - telefonische Terminvereinbarung. Auslieferung erfolgt auf einer BIO-Einwegpalette (Entsorgung BIO Tonne m\u00f6glich) bis vor die Haust\u00fcre. <br>96 bis 180 Flaschen kostenloser Versand.&nbsp; <br><br>Die oben aufgef\u00fchrten Preise beziehen sich auf Deutschland.<br><br>Inselfracht wird gesondert berechnet.<br><br>R\u00fccksendungen \/ Umtauschkosten werden vom Kunden \u00fcbernommen.<br><br>Der Rechnungsbetrag ist innerhalb von 14 Tagen ohne Abzug zu \u00fcberweisen. Die Ware bleibt bis zur vollst\u00e4ndigen Bezahlung unser Eigentum.&nbsp; <br>Bankverbindung:<br>Mainzer Volksbank IBAN: DE16 5519 0000 0002 5060 12 BIC: MVBMDE55<br><br>Bitte geben Sie Ihren Namen und die Rechnungsnummer an.&nbsp; <br><br>Alle Preise verstehen sich inklusive MwSt.&nbsp;<br><br>Stand:&nbsp;M\u00e4rz 2023.<br><\/Div>\n<\/div><\/div>\n","protected":false},"excerpt":{"rendered":"","protected":false},"author":182,"featured_media":0,"parent":0,"menu_order":0,"comment_status":"closed","ping_status":"closed","template":"","meta":{"_uag_custom_page_level_css":"","site-sidebar-layout":"default","site-content-layout":"","ast-site-content-layout":"default","site-content-style":"default","site-sidebar-style":"default","ast-global-header-display":"","ast-banner-title-visibility":"","ast-main-header-display":"","ast-hfb-above-header-display":"","ast-hfb-below-header-display":"","ast-hfb-mobile-header-display":"","site-post-title":"","ast-breadcrumbs-content":"","ast-featured-img":"","footer-sml-layout":"","ast-disable-related-posts":"","theme-transparent-header-meta":"","adv-header-id-meta":"","stick-header-meta":"","header-above-stick-meta":"","header-main-stick-meta":"","header-below-stick-meta":"","astra-migrate-meta-layouts":"default","ast-page-background-enabled":"default","ast-page-background-meta":{"desktop":{"background-color":"var(--ast-global-color-4)","background-image":"","background-repeat":"repeat","background-position":"center center","background-size":"auto","background-attachment":"scroll","background-type":"","background-media":"","overlay-type":"","overlay-color":"","overlay-opacity":"","overlay-gradient":""},"tablet":{"background-color":"","background-image":"","background-repeat":"repeat","background-position":"center center","background-size":"auto","background-attachment":"scroll","background-type":"","background-media":"","overlay-type":"","overlay-color":"","overlay-opacity":"","overlay-gradient":""},"mobile":{"background-color":"","background-image":"","background-repeat":"repeat","background-position":"center center","background-size":"auto","background-attachment":"scroll","background-type":"","background-media":"","overlay-type":"","overlay-color":"","overlay-opacity":"","overlay-gradient":""}},"ast-content-background-meta":{"desktop":{"background-color":"var(--ast-global-color-5)","background-image":"","background-repeat":"repeat","background-position":"center center","background-size":"auto","background-attachment":"scroll","background-type":"","background-media":"","overlay-type":"","overlay-color":"","overlay-opacity":"","overlay-gradient":""},"tablet":{"background-color":"var(--ast-global-color-5)","background-image":"","background-repeat":"repeat","background-position":"center center","background-size":"auto","background-attachment":"scroll","background-type":"","background-media":"","overlay-type":"","overlay-color":"","overlay-opacity":"","overlay-gradient":""},"mobile":{"background-color":"var(--ast-global-color-5)","background-image":"","background-repeat":"repeat","background-position":"center center","background-size":"auto","background-attachment":"scroll","background-type":"","background-media":"","overlay-type":"","overlay-color":"","overlay-opacity":"","overlay-gradient":""}},"footnotes":""},"class_list":["post-26556","page","type-page","status-publish","hentry"],"uagb_featured_image_src":{"full":false,"thumbnail":false,"medium":false,"medium_large":false,"large":false,"1536x1536":false,"2048x2048":false,"woocommerce_thumbnail":false,"woocommerce_single":false,"woocommerce_gallery_thumbnail":false},"uagb_author_info":{"display_name":"Ralf G\u00fcnther","author_link":"https:\/\/weingut-fritzsch.de\/wpn\/author\/weinhelpadmin\/"},"uagb_comment_info":0,"uagb_excerpt":null,"_links":{"self":[{"href":"https:\/\/weingut-fritzsch.de\/wpn\/wp-json\/wp\/v2\/pages\/26556","targetHints":{"allow":["GET"]}}],"collection":[{"href":"https:\/\/weingut-fritzsch.de\/wpn\/wp-json\/wp\/v2\/pages"}],"about":[{"href":"https:\/\/weingut-fritzsch.de\/wpn\/wp-json\/wp\/v2\/types\/page"}],"author":[{"embeddable":true,"href":"https:\/\/weingut-fritzsch.de\/wpn\/wp-json\/wp\/v2\/users\/182"}],"replies":[{"embeddable":true,"href":"https:\/\/weingut-fritzsch.de\/wpn\/wp-json\/wp\/v2\/comments?post=26556"}],"version-history":[{"count":3,"href":"https:\/\/weingut-fritzsch.de\/wpn\/wp-json\/wp\/v2\/pages\/26556\/revisions"}],"predecessor-version":[{"id":58006,"href":"https:\/\/weingut-fritzsch.de\/wpn\/wp-json\/wp\/v2\/pages\/26556\/revisions\/58006"}],"wp:attachment":[{"href":"https:\/\/weingut-fritzsch.de\/wpn\/wp-json\/wp\/v2\/media?parent=26556"}],"curies":[{"name":"wp","href":"https:\/\/api.w.org\/{rel}","templated":true}]}}