{"id":17283,"date":"2019-01-15T09:59:38","date_gmt":"2019-01-15T07:59:38","guid":{"rendered":"https:\/\/weingut-fritzsch.de\/?page_id=17283"},"modified":"2025-12-13T18:05:58","modified_gmt":"2025-12-13T16:05:58","slug":"auszeichnungen","status":"publish","type":"page","link":"https:\/\/weingut-fritzsch.de\/wpn\/auszeichnungen\/","title":{"rendered":"Auszeichnungen"},"content":{"rendered":"\n<div class=\"wp-block-uagb-container uagb-block-25ae8a25 alignfull uagb-is-root-container\"><div class=\"uagb-container-inner-blocks-wrap\">\n<div style=\"height:140px\" aria-hidden=\"true\" class=\"wp-block-spacer\"><\/div>\n\n\n\n<div class=\"wp-block-uagb-container uagb-block-62facc2f\">\n<div class=\"wp-block-uagb-container uagb-block-d3a8e340\">\n<h2 class=\"wp-block-heading\">2026<\/h2>\n\n\n\n<figure class=\"wp-block-image size-large\"><img loading=\"lazy\" decoding=\"async\" width=\"400\" height=\"576\" src=\"https:\/\/weingut-fritzsch.de\/wpn\/wp-content\/uploads\/grafik-400x576.png\" alt=\"\" class=\"wp-image-58812\" srcset=\"https:\/\/weingut-fritzsch.de\/wpn\/wp-content\/uploads\/grafik-400x576.png 400w, https:\/\/weingut-fritzsch.de\/wpn\/wp-content\/uploads\/grafik-100x144.png 100w, https:\/\/weingut-fritzsch.de\/wpn\/wp-content\/uploads\/grafik.png 553w\" sizes=\"auto, (max-width: 400px) 100vw, 400px\" \/><\/figure>\n\n\n\n<p class=\"has-ast-global-color-0-color has-text-color has-link-color has-large-font-size wp-elements-976bf2c6f11e0e869abba726881bebaf\">2025<\/p>\n\n\n\n<p><\/p>\n\n\n\n<figure class=\"wp-block-image size-large is-resized\"><img loading=\"lazy\" decoding=\"async\" width=\"400\" height=\"565\" src=\"https:\/\/weingut-fritzsch.de\/wpn\/wp-content\/uploads\/UrkundeWeinguide2026-pdf-400x565.jpg\" alt=\"\" class=\"wp-image-58800\" style=\"width:200px\"\/><\/figure>\n\n\n\n<figure class=\"wp-block-gallery has-nested-images columns-default is-cropped wp-block-gallery-1 is-layout-flex wp-block-gallery-is-layout-flex\">\n<figure class=\"wp-block-image size-full\"><img loading=\"lazy\" decoding=\"async\" width=\"1810\" height=\"2560\" data-id=\"58802\" src=\"https:\/\/weingut-fritzsch.de\/wpn\/wp-content\/uploads\/Betriebsseite-Weinguide-2026-Weingut-Fritzsch-_Seite_1-scaled.jpg\" alt=\"\" class=\"wp-image-58802\" srcset=\"https:\/\/weingut-fritzsch.de\/wpn\/wp-content\/uploads\/Betriebsseite-Weinguide-2026-Weingut-Fritzsch-_Seite_1-scaled.jpg 1810w, https:\/\/weingut-fritzsch.de\/wpn\/wp-content\/uploads\/Betriebsseite-Weinguide-2026-Weingut-Fritzsch-_Seite_1-100x141.jpg 100w, https:\/\/weingut-fritzsch.de\/wpn\/wp-content\/uploads\/Betriebsseite-Weinguide-2026-Weingut-Fritzsch-_Seite_1-400x566.jpg 400w, https:\/\/weingut-fritzsch.de\/wpn\/wp-content\/uploads\/Betriebsseite-Weinguide-2026-Weingut-Fritzsch-_Seite_1-768x1086.jpg 768w, https:\/\/weingut-fritzsch.de\/wpn\/wp-content\/uploads\/Betriebsseite-Weinguide-2026-Weingut-Fritzsch-_Seite_1-1086x1536.jpg 1086w, https:\/\/weingut-fritzsch.de\/wpn\/wp-content\/uploads\/Betriebsseite-Weinguide-2026-Weingut-Fritzsch-_Seite_1-1448x2048.jpg 1448w\" sizes=\"auto, (max-width: 1810px) 100vw, 1810px\" \/><\/figure>\n\n\n\n<figure class=\"wp-block-image size-full\"><img loading=\"lazy\" decoding=\"async\" width=\"1810\" height=\"2560\" data-id=\"58803\" src=\"https:\/\/weingut-fritzsch.de\/wpn\/wp-content\/uploads\/Betriebsseite-Weinguide-2026-Weingut-Fritzsch-_Seite_2-scaled.jpg\" alt=\"\" class=\"wp-image-58803\" srcset=\"https:\/\/weingut-fritzsch.de\/wpn\/wp-content\/uploads\/Betriebsseite-Weinguide-2026-Weingut-Fritzsch-_Seite_2-scaled.jpg 1810w, https:\/\/weingut-fritzsch.de\/wpn\/wp-content\/uploads\/Betriebsseite-Weinguide-2026-Weingut-Fritzsch-_Seite_2-100x141.jpg 100w, https:\/\/weingut-fritzsch.de\/wpn\/wp-content\/uploads\/Betriebsseite-Weinguide-2026-Weingut-Fritzsch-_Seite_2-400x566.jpg 400w, https:\/\/weingut-fritzsch.de\/wpn\/wp-content\/uploads\/Betriebsseite-Weinguide-2026-Weingut-Fritzsch-_Seite_2-768x1086.jpg 768w, https:\/\/weingut-fritzsch.de\/wpn\/wp-content\/uploads\/Betriebsseite-Weinguide-2026-Weingut-Fritzsch-_Seite_2-1086x1536.jpg 1086w, https:\/\/weingut-fritzsch.de\/wpn\/wp-content\/uploads\/Betriebsseite-Weinguide-2026-Weingut-Fritzsch-_Seite_2-1448x2048.jpg 1448w\" sizes=\"auto, (max-width: 1810px) 100vw, 1810px\" \/><\/figure>\n<\/figure>\n\n\n\n<p>VINUM Rotweinpreis 2025 <\/p>\n\n\n\n<figure class=\"wp-block-image size-large is-resized\"><img loading=\"lazy\" decoding=\"async\" width=\"400\" height=\"400\" src=\"https:\/\/weingut-fritzsch.de\/wpn\/wp-content\/uploads\/Button-Deutscher-Rotweinpreis-2025-Silber-400x400.png\" alt=\"\" class=\"wp-image-58732\" style=\"width:126px;height:auto\" srcset=\"https:\/\/weingut-fritzsch.de\/wpn\/wp-content\/uploads\/Button-Deutscher-Rotweinpreis-2025-Silber-400x400.png 400w, https:\/\/weingut-fritzsch.de\/wpn\/wp-content\/uploads\/Button-Deutscher-Rotweinpreis-2025-Silber-100x100.png 100w, https:\/\/weingut-fritzsch.de\/wpn\/wp-content\/uploads\/Button-Deutscher-Rotweinpreis-2025-Silber-768x768.png 768w, https:\/\/weingut-fritzsch.de\/wpn\/wp-content\/uploads\/Button-Deutscher-Rotweinpreis-2025-Silber-1536x1536.png 1536w, https:\/\/weingut-fritzsch.de\/wpn\/wp-content\/uploads\/Button-Deutscher-Rotweinpreis-2025-Silber-2048x2048.png 2048w\" sizes=\"auto, (max-width: 400px) 100vw, 400px\" \/><\/figure>\n\n\n\n<p>2020er Cabernet Sauvignon vom Klostergarden trocken Silber&nbsp;&nbsp;<\/p>\n\n\n\n<figure class=\"wp-block-image size-large is-resized\"><img loading=\"lazy\" decoding=\"async\" width=\"400\" height=\"566\" src=\"https:\/\/weingut-fritzsch.de\/wpn\/wp-content\/uploads\/Deutscher-Rotweinpreis_2025_A4-1_396-400x566.png\" alt=\"\" class=\"wp-image-58739\" style=\"width:223px;height:auto\" srcset=\"https:\/\/weingut-fritzsch.de\/wpn\/wp-content\/uploads\/Deutscher-Rotweinpreis_2025_A4-1_396-400x566.png 400w, https:\/\/weingut-fritzsch.de\/wpn\/wp-content\/uploads\/Deutscher-Rotweinpreis_2025_A4-1_396-100x141.png 100w, https:\/\/weingut-fritzsch.de\/wpn\/wp-content\/uploads\/Deutscher-Rotweinpreis_2025_A4-1_396-768x1086.png 768w, https:\/\/weingut-fritzsch.de\/wpn\/wp-content\/uploads\/Deutscher-Rotweinpreis_2025_A4-1_396-1086x1536.png 1086w, https:\/\/weingut-fritzsch.de\/wpn\/wp-content\/uploads\/Deutscher-Rotweinpreis_2025_A4-1_396-1448x2048.png 1448w\" sizes=\"auto, (max-width: 400px) 100vw, 400px\" \/><\/figure>\n\n\n\n<h1 class=\"wp-block-heading has-ast-global-color-0-color has-text-color has-large-font-size\">2024<\/h1>\n\n\n\n<p>Gault Millau Weinguide&nbsp;<br><br>2 Trauben<\/p>\n\n\n\n<p>Bewertete Weine:<br><br><strong>2018 Klostergarten Blauer Sp\u00e4tburgunder trocken<\/strong><br>Bewertung: 3 Trauben | Artikel-Nr.: 28<br><br><strong>2018 Wi\u00dfberg Blauer Fr\u00fchburgunder trocken<\/strong><br>Bewertung: 2 Trauben | Artikel-Nr.: 29<br><br><strong>2023 Wi\u00dfberg Blanc de Noir Blauer Fr\u00fchburgunder trocken<\/strong><br>Bewertung: 2 Trauben | Artikel-Nr.: 19<br><br><strong>2023 Wi\u00dfberg Chardonnay trocken<\/strong><br>Bewertung: 2 Trauben | Artikel-Nr.: 16<br><br><strong>2023 Sauvignon Blanc trocken<\/strong><br>Bewertung: 1 Traube | Artikel-Nr.: 8<br><br><strong>2023 Wi\u00dfberg Gelber Muskateller trocken<\/strong><br>Bewertung: 1 Traube | Artikel-Nr.: 18<br><br><strong>2023 Wi\u00dfberg Riesling trocken<\/strong><br>Bewertung: 1 Traube | Artikel-Nr.: 15<br><br><strong>Der Feinschmecker<\/strong><br>Aufnahme in die renommierte Empfehlungsliste:<br>\u201eDie besten Weing\u00fcter in Deutschland\u201c<\/p>\n\n\n\n<h2 class=\"wp-block-heading has-large-font-size\">2023<\/h2>\n\n\n\n<p><strong>Best of Riesling&nbsp;<br><\/strong>2022er Riesling trocken vom Wi\u00dfberg<strong> 90 Punkte<br><\/strong>2022er Riesling lieblich <strong>88 Punkte<\/strong><\/p>\n\n\n\n<p><strong>VINUM \u00abWord of Ros\u00e9 2023\u00bb<br><\/strong>2022er Blauer Sp\u00e4tburgunder Ros\u00e9 halbtrocken 85 Punkte<\/p>\n\n\n\n<p><strong>Concours International de Lyon<br><\/strong>&nbsp;2022er Scheurebe vom Wi\u00dfberg trocken Silber<br>&nbsp;2022er Blauer Fr\u00fchburgunder Blanc de Noir trocken Gold<\/p>\n\n\n\n<p><strong>Der Feinschmecker<\/strong> <strong>&#8222;Die Besten Weing\u00fcter in Deutschland 2022&#8220;<\/strong><\/p>\n\n\n\n<p><strong>Gault&amp;Millau 2022<\/strong> &nbsp;<strong>2 Trauben<\/strong><\/p>\n\n\n\n<h1 class=\"wp-block-heading has-ast-global-color-0-color has-text-color\">2022<\/h1>\n\n\n\n<p><strong>SAVOIR-VIVRE<br><\/strong>2021er Scheurebe vom Wi\u00dfberg <strong>Gold<br><\/strong>2021er Grauer Burgunder trocken&nbsp;<strong>Grosses Gold<\/strong><\/p>\n\n\n\n<p><strong>Best of Riesling<br><\/strong>2021er Riesling trocken vom Wi\u00dfberg <strong>89 Punkte<\/strong><\/p>\n\n\n\n<p><strong>\u201eSelection\u201c <\/strong><strong>International: Perlweinproduzenten-des Jahres 2022&#8243;<br><\/strong>2021er Secco trocken <strong>Silber<\/strong><\/p>\n\n\n\n<p><strong>\u201eSelection\u201c <\/strong><strong>International: Scheurebe Produzenten-des Jahres 2022&#8243;<br><\/strong>2021er Scheurebe vom Wi\u00dfberg trocken <strong>Silber<\/strong><\/p>\n\n\n\n<p><strong>Concours&nbsp;International de Lyon<br><\/strong>2021er Chardonnay trocken vom Wi\u00dfberg <strong>Gold<br><\/strong>2021er Blauer Sp\u00e4tburgunder Ros\u00e9 halbtrocken <strong>Gold<br><\/strong>2021er Silvaner trocken <strong>Gold<br><\/strong>2021er Wei\u00dfer Burgunder trocken<strong> Silber<br><\/strong>2021er Sauvignon Blanc trocken <strong>Gold<\/strong> <strong>Bester deutscher Wein des Wettbewerbs<\/strong><\/p>\n\n\n\n<h1 class=\"wp-block-heading has-ast-global-color-0-color has-text-color\">2021<\/h1>\n\n\n\n<p><strong>Die besten Winzer &amp; Weine in Deutschland 2021<\/strong><\/p>\n\n\n\n<p><strong>Gault&amp;Miallu 2021<\/strong><br><strong>2 Trauben<\/strong><\/p>\n\n\n\n<p><strong>\u201eSelection\u201c <\/strong><strong>Die Silvaner-Weing\u00fcter des Jahres 2021&#8243;<\/strong> .<br>2020er Gr\u00fcner Silvaner trocken <strong>Gold<\/strong><\/p>\n\n\n\n<p><strong>\u201eSelection\u201c <\/strong><strong>International: Grauburgunder-des Jahres 2021&#8243;<\/strong><br>2020er Grauer Burgunder trocken Silber<\/p>\n\n\n\n<p><strong>Best of Riesling<\/strong><br>2020er Riesling trocken vom Wi\u00dfberg <strong>87 Punkte<\/strong><br>2020er Riesling Prestig trocken <strong>87 Punkte<\/strong><br>2020er Riesling Classic <strong>87 Punkte<\/strong><\/p>\n\n\n\n<p><strong>Concours International de Lyon<\/strong><br>2020er Silvaner trocken <strong>Silber<\/strong><br>2020er Wei\u00dfer Burgunder trocken <strong>Silber<\/strong><br>2020er Grauer Burgunder trocken <strong>Silber<\/strong><\/p>\n\n\n\n<p><strong>Internationaler Ros\u00e9 Preis 2021<\/strong><br>2020 Blauer Sp\u00e4tburgunder Ros\u00e9 halbtrocken 87 Punkte<\/p>\n\n\n\n<h1 class=\"wp-block-heading has-ast-global-color-0-color has-text-color\">2020<\/h1>\n\n\n\n<figure class=\"wp-block-image aligncenter\"><img loading=\"lazy\" decoding=\"async\" width=\"100\" height=\"63\" src=\"https:\/\/weinhelp7.de\/demoshop3\/wp-content\/uploads\/1-100x63.png\" alt=\"\" class=\"wp-image-17291\" srcset=\"https:\/\/weingut-fritzsch.de\/wpn\/wp-content\/uploads\/1-100x63.png 100w, https:\/\/weingut-fritzsch.de\/wpn\/wp-content\/uploads\/1.png 128w\" sizes=\"auto, (max-width: 100px) 100vw, 100px\" \/><\/figure>\n\n\n\n<p><strong>Eichelmann Deutsche Weine 2020<\/strong><\/p>\n\n\n\n<p><strong>Der Feinschmecker Die Besten Weing\u00fcter in Deutschland 2020<\/strong><\/p>\n\n\n\n<p><strong>\u201eFrankfurt International Trophy\u201c SILBER<br><\/strong>2019er Scheurebe trocken<br>2019er Gelber Muskateller trocken<\/p>\n\n\n\n<p><strong>Best of Riesling<\/strong><br>2019er Riesling trocken vom Wi\u00dfberg <strong>88 Punkte<\/strong><br>2019er Riesling trocken <strong>85 Punkte<\/strong><br>2019 Riesling Classic <strong>85 Punkte<\/strong><\/p>\n\n\n\n<p><strong><a href=\"https:\/\/weinhelp7.de\/demoshop3\/wp-content\/uploads\/2020_empfohlen_in_SV.jpg\">SAVOIR-VIVRE-Weinwettbewerb 2020<\/a><br><\/strong><a href=\"https:\/\/weinhelp7.de\/demoshop3\/wp-content\/uploads\/SV-Urkunde-2020_2019-Gelber-Muskateller-vom-Wisberg.pdf\">2019er Gelber Muskateller trocken vom Wi\u00dfberg<\/a><br><strong>GOLD<\/strong><br><a href=\"https:\/\/weinhelp7.de\/demoshop3\/wp-content\/uploads\/SV-Urkunde-2020_2019-11.1-Gewurztraminer.pdf\">2019er 11.1 Gew\u00fcrztraminer trocken<\/a><br><strong>GOLD<\/strong><\/p>\n\n\n\n<p><strong>Rotweinpreis<br><\/strong>2018er Blauer Sp\u00e4tburgunder trocken vom Klostergarten <strong>89 Punkte<br><\/strong>2017er Blauer Fr\u00fchburgunder trocken vom Wi\u00dfberg<strong> 88 Punkte<\/strong><\/p>\n\n\n\n<h1 class=\"wp-block-heading has-ast-global-color-0-color has-text-color\">2019<\/h1>\n\n\n\n<p><strong>Der Feinschmecker \u201eDie Besten Winzer &amp; Weine 2018\/19&nbsp;<\/strong><\/p>\n\n\n\n<p><strong>Weinf\u00fchrer \u201e<em>Eichelmann<\/em> Deutsche Weine 2019&#8243;<\/strong><\/p>\n\n\n\n<figure class=\"wp-block-image aligncenter\"><img loading=\"lazy\" decoding=\"async\" width=\"100\" height=\"63\" src=\"https:\/\/weinhelp7.de\/demoshop3\/wp-content\/uploads\/1-100x63.png\" alt=\"\" class=\"wp-image-17291\" srcset=\"https:\/\/weingut-fritzsch.de\/wpn\/wp-content\/uploads\/1-100x63.png 100w, https:\/\/weingut-fritzsch.de\/wpn\/wp-content\/uploads\/1.png 128w\" sizes=\"auto, (max-width: 100px) 100vw, 100px\" \/><\/figure>\n\n\n\n<p><a href=\"https:\/\/weinhelp7.de\/demoshop3\/wp-content\/uploads\/urkunde_frankfurt_4101_gold_2019.pdf\"><strong>&#8222;Frankfurt International Trophy&#8220; &nbsp;GOLD<\/strong><\/a><br><em>2018er Blauer Fr\u00fchburgunder <\/em><em><strong>Blanc de Noir<\/strong><\/em><em> trocken<\/em><\/p>\n\n\n\n<p><a href=\"https:\/\/weinhelp7.de\/demoshop3\/wp-content\/uploads\/Fritzsch-gold.pdf\"><strong>&#8222;Internationaler Scheurebe Preis&#8220; GOLD<\/strong><\/a><br><em>2018er Scheurebe trocken<\/em><\/p>\n\n\n\n<p><strong>&#8222;Selection&#8220; die Ros\u00e9 Winzer des Jahres 2019<\/strong><br>1. Platz<br><em>2018er Blauer Sp\u00e4tburgunder <\/em><strong><em>Rose<\/em><\/strong><em> halbtrocken GOLD<\/em><\/p>\n\n\n\n<p><a href=\"https:\/\/weinhelp7.de\/demoshop3\/wp-content\/uploads\/SV-Urkunde-2019_2018er-Gelber.Muskateller-trocken-vom-Wi\u00dfberg.pdf\"><strong>SAVOIR-VIVRE-Weinwettbewerb 2019<\/strong><\/a><br>2018er Gelber Muskateller trocken<br><strong>Gold<\/strong><\/p>\n\n\n\n<p><strong>Best of Riesling<\/strong><br>2018er Riesling trocken vom Wi\u00dfberg&nbsp;<strong>88 Punkte<br><\/strong>2018er Riesling trocken&nbsp;<strong>88 Punkte<br><\/strong>2018 Riesling Classic <strong>90 Punkte<\/strong><\/p>\n\n\n\n<h1 class=\"wp-block-heading has-ast-global-color-0-color has-text-color\">2018<\/h1>\n\n\n\n<p><strong>Meininger Rotweinpreis<\/strong><br>2016er Fr\u00fchburgunder&nbsp;<strong>88 Punkte<br><\/strong>2015er Sp\u00e4tburgunder vom Klostergarten&nbsp;<strong>89 Punkte<\/strong><\/p>\n\n\n\n<p><strong>Best of Riesling<\/strong><br>2017er Riesling trocken vom Wi\u00dfberg&nbsp;<strong>87 Punkte<br><\/strong>2017er Riesling trocken&nbsp;<strong>85 Punkte<br><\/strong>2017 Riesling halbtrocken&nbsp;<strong>86 Punkte<\/strong><\/p>\n\n\n\n<p><strong>Selection<\/strong><br>(Kategorie Die Schaumweinproduzenten des Jahres 2018)<br>2015er Chardonnay Sekt brut<\/p>\n\n\n\n<figure class=\"wp-block-image aligncenter\"><img loading=\"lazy\" decoding=\"async\" width=\"100\" height=\"29\" src=\"https:\/\/weinhelp7.de\/demoshop3\/wp-content\/uploads\/3-100x29.png\" alt=\"\" class=\"wp-image-17293\" srcset=\"https:\/\/weingut-fritzsch.de\/wpn\/wp-content\/uploads\/3-100x29.png 100w, https:\/\/weingut-fritzsch.de\/wpn\/wp-content\/uploads\/3.png 273w\" sizes=\"auto, (max-width: 100px) 100vw, 100px\" \/><\/figure>\n\n\n\n<figure class=\"wp-block-image aligncenter\"><img loading=\"lazy\" decoding=\"async\" width=\"100\" height=\"63\" src=\"https:\/\/weinhelp7.de\/demoshop3\/wp-content\/uploads\/1-100x63.png\" alt=\"\" class=\"wp-image-17291\" srcset=\"https:\/\/weingut-fritzsch.de\/wpn\/wp-content\/uploads\/1-100x63.png 100w, https:\/\/weingut-fritzsch.de\/wpn\/wp-content\/uploads\/1.png 128w\" sizes=\"auto, (max-width: 100px) 100vw, 100px\" \/><\/figure>\n\n\n\n<p><strong>Weinf\u00fchrer \u201e<em>Eichelmann<\/em> Deutsche Weine 2018\u201c<\/strong><\/p>\n\n\n\n<h1 class=\"wp-block-heading has-ast-global-color-0-color has-text-color\">2017<\/h1>\n\n\n\n<p><strong>Deutscher Rotweinpreis<br><\/strong>2014er Fr\u00fchburgunder&nbsp;<strong>89 Punkte<\/strong><\/p>\n\n\n\n<p><strong>\u201eDer Mainzer Restaurant- und Weinf\u00fchrer\u201c<br><\/strong>Die 100 besten Weing\u00fcter Rheinhessens<br>2015er Fr\u00fchburgunder Blanc de Noir trocken<br><strong>1.Platz<\/strong><\/p>\n\n\n\n<figure class=\"wp-block-image aligncenter\"><img loading=\"lazy\" decoding=\"async\" width=\"100\" height=\"63\" src=\"https:\/\/weinhelp7.de\/demoshop3\/wp-content\/uploads\/1-100x63.png\" alt=\"\" class=\"wp-image-17291\" srcset=\"https:\/\/weingut-fritzsch.de\/wpn\/wp-content\/uploads\/1-100x63.png 100w, https:\/\/weingut-fritzsch.de\/wpn\/wp-content\/uploads\/1.png 128w\" sizes=\"auto, (max-width: 100px) 100vw, 100px\" \/><\/figure>\n\n\n\n<p><strong>Weinf\u00fchrer \u201e<em>Eichelmann<\/em> Deutsche Weine 2017\u201c<\/strong><\/p>\n\n\n\n<p><strong>Best of Riesling<br><\/strong>2016er Riesling halbtrocken <strong>90 Punkte<br><\/strong>2016er Riesling Prestige trocken&nbsp;<strong>89 Punkte<br><\/strong>2016er Riesling Prestige lieblich&nbsp;<strong>87 Punkte<\/strong><\/p>\n\n\n\n<h1 class=\"wp-block-heading has-ast-global-color-0-color has-text-color\">2016<\/h1>\n\n\n\n<p><strong>Der Beste Schoppen<br><\/strong>2016er Gr\u00fcner Silvaner Classic<\/p>\n\n\n\n<p><strong>Scheurebe-Preis &amp; Best of Scheurebe je<br><\/strong>2015er Scheurebe&nbsp;<strong>85 Punkte<\/strong><\/p>\n\n\n\n<figure class=\"wp-block-image aligncenter\"><img loading=\"lazy\" decoding=\"async\" width=\"100\" height=\"29\" src=\"https:\/\/weinhelp7.de\/demoshop3\/wp-content\/uploads\/3-100x29.png\" alt=\"\" class=\"wp-image-17293\" srcset=\"https:\/\/weingut-fritzsch.de\/wpn\/wp-content\/uploads\/3-100x29.png 100w, https:\/\/weingut-fritzsch.de\/wpn\/wp-content\/uploads\/3.png 273w\" sizes=\"auto, (max-width: 100px) 100vw, 100px\" \/><\/figure>\n\n\n\n<p><strong>Selection International: Die besten Burgunderweine des Jahres 2016<br><\/strong>2015er Grauer Burgunder Prestige trocken<br>(sehr gut)<\/p>\n\n\n\n<p><strong>Best of Riesling<br><\/strong>2015er Riesling Classic&nbsp;<strong>87 Punkte<br><\/strong>2015 Riesling Prestige&nbsp;<strong>90 Punkte<\/strong><\/p>\n\n\n\n<h1 class=\"wp-block-heading has-ast-global-color-0-color has-text-color\">2015<\/h1>\n\n\n\n<p><strong>Best of Riesling<br><\/strong>2014er Riesling Classic&nbsp;<strong>89 Punkte<br><\/strong>2014 Riesling Prestige trocken&nbsp;<strong>88 Punkte<\/strong><\/p>\n<\/div>\n<\/div>\n<\/div><\/div>\n","protected":false},"excerpt":{"rendered":"<p>2026 2025 VINUM Rotweinpreis 2025 2020er Cabernet Sauvignon vom Klostergarden trocken Silber&nbsp;&nbsp; 2024 Gault Millau Weinguide&nbsp; 2 Trauben Bewertete Weine: 2018 Klostergarten Blauer Sp\u00e4tburgunder trockenBewertung: 3 Trauben | Artikel-Nr.: 28 2018 Wi\u00dfberg Blauer Fr\u00fchburgunder trockenBewertung: 2 Trauben | Artikel-Nr.: 29 2023 Wi\u00dfberg Blanc de Noir Blauer Fr\u00fchburgunder trockenBewertung: 2 Trauben | Artikel-Nr.: 19 2023 Wi\u00dfberg [&hellip;]<\/p>\n","protected":false},"author":182,"featured_media":0,"parent":0,"menu_order":0,"comment_status":"closed","ping_status":"closed","template":"","meta":{"_uag_custom_page_level_css":"","site-sidebar-layout":"default","site-content-layout":"","ast-site-content-layout":"default","site-content-style":"default","site-sidebar-style":"default","ast-global-header-display":"","ast-banner-title-visibility":"","ast-main-header-display":"","ast-hfb-above-header-display":"","ast-hfb-below-header-display":"","ast-hfb-mobile-header-display":"","site-post-title":"disabled","ast-breadcrumbs-content":"","ast-featured-img":"","footer-sml-layout":"","ast-disable-related-posts":"","theme-transparent-header-meta":"","adv-header-id-meta":"","stick-header-meta":"","header-above-stick-meta":"","header-main-stick-meta":"","header-below-stick-meta":"","astra-migrate-meta-layouts":"set","ast-page-background-enabled":"default","ast-page-background-meta":{"desktop":{"background-color":"var(--ast-global-color-4)","background-image":"","background-repeat":"repeat","background-position":"center center","background-size":"auto","background-attachment":"scroll","background-type":"","background-media":"","overlay-type":"","overlay-color":"","overlay-opacity":"","overlay-gradient":""},"tablet":{"background-color":"","background-image":"","background-repeat":"repeat","background-position":"center center","background-size":"auto","background-attachment":"scroll","background-type":"","background-media":"","overlay-type":"","overlay-color":"","overlay-opacity":"","overlay-gradient":""},"mobile":{"background-color":"","background-image":"","background-repeat":"repeat","background-position":"center center","background-size":"auto","background-attachment":"scroll","background-type":"","background-media":"","overlay-type":"","overlay-color":"","overlay-opacity":"","overlay-gradient":""}},"ast-content-background-meta":{"desktop":{"background-color":"var(--ast-global-color-5)","background-image":"","background-repeat":"repeat","background-position":"center center","background-size":"auto","background-attachment":"scroll","background-type":"","background-media":"","overlay-type":"","overlay-color":"","overlay-opacity":"","overlay-gradient":""},"tablet":{"background-color":"var(--ast-global-color-5)","background-image":"","background-repeat":"repeat","background-position":"center center","background-size":"auto","background-attachment":"scroll","background-type":"","background-media":"","overlay-type":"","overlay-color":"","overlay-opacity":"","overlay-gradient":""},"mobile":{"background-color":"var(--ast-global-color-5)","background-image":"","background-repeat":"repeat","background-position":"center center","background-size":"auto","background-attachment":"scroll","background-type":"","background-media":"","overlay-type":"","overlay-color":"","overlay-opacity":"","overlay-gradient":""}},"footnotes":""},"class_list":["post-17283","page","type-page","status-publish","hentry"],"uagb_featured_image_src":{"full":false,"thumbnail":false,"medium":false,"medium_large":false,"large":false,"1536x1536":false,"2048x2048":false,"woocommerce_thumbnail":false,"woocommerce_single":false,"woocommerce_gallery_thumbnail":false},"uagb_author_info":{"display_name":"Ralf G\u00fcnther","author_link":"https:\/\/weingut-fritzsch.de\/wpn\/author\/weinhelpadmin\/"},"uagb_comment_info":0,"uagb_excerpt":"2026 2025 VINUM Rotweinpreis 2025 2020er Cabernet Sauvignon vom Klostergarden trocken Silber&nbsp;&nbsp; 2024 Gault Millau Weinguide&nbsp; 2 Trauben Bewertete Weine: 2018 Klostergarten Blauer Sp\u00e4tburgunder trockenBewertung: 3 Trauben | Artikel-Nr.: 28 2018 Wi\u00dfberg Blauer Fr\u00fchburgunder trockenBewertung: 2 Trauben | Artikel-Nr.: 29 2023 Wi\u00dfberg Blanc de Noir Blauer Fr\u00fchburgunder trockenBewertung: 2 Trauben | Artikel-Nr.: 19 2023 Wi\u00dfberg&hellip;","_links":{"self":[{"href":"https:\/\/weingut-fritzsch.de\/wpn\/wp-json\/wp\/v2\/pages\/17283","targetHints":{"allow":["GET"]}}],"collection":[{"href":"https:\/\/weingut-fritzsch.de\/wpn\/wp-json\/wp\/v2\/pages"}],"about":[{"href":"https:\/\/weingut-fritzsch.de\/wpn\/wp-json\/wp\/v2\/types\/page"}],"author":[{"embeddable":true,"href":"https:\/\/weingut-fritzsch.de\/wpn\/wp-json\/wp\/v2\/users\/182"}],"replies":[{"embeddable":true,"href":"https:\/\/weingut-fritzsch.de\/wpn\/wp-json\/wp\/v2\/comments?post=17283"}],"version-history":[{"count":56,"href":"https:\/\/weingut-fritzsch.de\/wpn\/wp-json\/wp\/v2\/pages\/17283\/revisions"}],"predecessor-version":[{"id":58813,"href":"https:\/\/weingut-fritzsch.de\/wpn\/wp-json\/wp\/v2\/pages\/17283\/revisions\/58813"}],"wp:attachment":[{"href":"https:\/\/weingut-fritzsch.de\/wpn\/wp-json\/wp\/v2\/media?parent=17283"}],"curies":[{"name":"wp","href":"https:\/\/api.w.org\/{rel}","templated":true}]}}